{"id":13611,"date":"2020-04-13T22:21:39","date_gmt":"2020-04-13T22:21:39","guid":{"rendered":"http:\/\/nonnadoro.com\/?page_id=13611"},"modified":"2026-04-05T14:15:02","modified_gmt":"2026-04-05T13:15:02","slug":"kontakt","status":"publish","type":"page","link":"https:\/\/nonnadoro.com\/en\/kontakt\/","title":{"rendered":"Kontakt"},"content":{"rendered":"<div data-elementor-type=\"wp-page\" data-elementor-id=\"13611\" class=\"elementor elementor-13611\">\n\t\t\t\t<div class=\"elementor-element elementor-element-9a5fded e-flex e-con-boxed e-con e-parent\" data-id=\"9a5fded\" data-element_type=\"container\" data-e-type=\"container\">\n\t\t\t\t\t<div class=\"e-con-inner\">\n\t\t<div class=\"elementor-element elementor-element-13f3e7f e-con-full e-flex e-con e-child\" data-id=\"13f3e7f\" data-element_type=\"container\" data-e-type=\"container\">\n\t\t\t\t<div class=\"elementor-element elementor-element-a8eb04e lte-heading-align-tablet-center lte-watermark-offset-1 elementor-widget elementor-widget-lte-header\" data-id=\"a8eb04e\" data-element_type=\"widget\" data-e-type=\"widget\" data-widget_type=\"lte-header.default\">\n\t\t\t\t<div class=\"elementor-widget-container\">\n\t\t\t\t\t<div class=\"lte-heading lte-style-header-subheader heading-tag-h2 heading-subtag-h6\"><div class=\"lte-heading-content\"><h2 class=\"lte-header\">Kontakta oss<\/h2><\/div><\/div>\t\t\t\t<\/div>\n\t\t\t\t<\/div>\n\t\t\t\t<div class=\"elementor-element elementor-element-75af2b2 elementor-widget__width-initial elementor-widget elementor-widget-text-editor\" data-id=\"75af2b2\" data-element_type=\"widget\" data-e-type=\"widget\" data-widget_type=\"text-editor.default\">\n\t\t\t\t<div class=\"elementor-widget-container\">\n\t\t\t\t\t\t\t\t\t<p><b data-path-to-node=\"3\" data-index-in-node=\"0\">Har du fr\u00e5gor eller vill du jobba med oss?<\/b> Vi \u00e4r alltid \u00f6ppna f\u00f6r nya sp\u00e4nnande samarbeten och letar st\u00e4ndigt efter nya talanger till v\u00e5rt team. Oavsett om du har en specifik fr\u00e5ga eller \u00e4r nyfiken p\u00e5 att bli en del av oss, \u00e4r du varmt v\u00e4lkommen att h\u00f6ra av dig!<\/p>\t\t\t\t\t\t\t\t<\/div>\n\t\t\t\t<\/div>\n\t\t\t\t<div class=\"elementor-element elementor-element-919c631 elementor-widget-tablet__width-initial lte-style-grid-disabled elementor-widget elementor-widget-lte-icons\" data-id=\"919c631\" data-element_type=\"widget\" data-e-type=\"widget\" data-widget_type=\"lte-icons.default\">\n\t\t\t\t<div class=\"elementor-widget-container\">\n\t\t\t\t\t<ul class=\"lte-block-icon icons-count-3 lte-icon-space-sm lte-icon-shape-default lte-icon-background-disabled lte-icon-grid-background-disabled lte-icon-color-main lte-icon-divider-disabled lte-icon-size-xsmall lte-header-color-default lte-icon-type-left lte-icon-align- lte-hover-animation-yes layout-cols1 lte-additional-\"><li class=\"col-xl-12 col-xs-12\"><div   class=\"lte-inner\"><i aria-hidden=\"true\" class=\"icon icon-email-3\"><\/i><span class=\"lte-icon-content\"> <span class=\"lte-header lte-span\"> Info@nonnadoro.com<br \/>\n <\/span> <\/span><\/div><\/li><li class=\"col-xl-12 col-xs-12\"><div   class=\"lte-inner\"><i aria-hidden=\"true\" class=\"fas fa-map-marker-alt\"><\/i><span class=\"lte-icon-content\"> <span class=\"lte-header lte-span\"> Vasav\u00e4gen 86 , 181 41 Liding\u00f6<br \/>\n <\/span> <\/span><\/div><\/li><li class=\"col-xl-12 col-xs-12\"><div   class=\"lte-inner\"><span class=\"lte-icon-content\"><\/span><\/div><\/li><\/ul>\t\t\t\t<\/div>\n\t\t\t\t<\/div>\n\t\t\t\t<\/div>\n\t\t<div class=\"elementor-element elementor-element-e787e28 e-con-full e-flex e-con e-child\" data-id=\"e787e28\" data-element_type=\"container\" data-e-type=\"container\">\n\t\t\t\t<div class=\"elementor-element elementor-element-65b7f65 elementor-widget elementor-widget-lte-cf7\" data-id=\"65b7f65\" data-element_type=\"widget\" data-e-type=\"widget\" data-widget_type=\"lte-cf7.default\">\n\t\t\t\t<div class=\"elementor-widget-container\">\n\t\t\t\t\t<div class=\"lte-contact-form-7 lte-padding- lte-btn-main lte-full-width-no\"><h4 class=\"lte-header\">Kontakt formul\u00e4r<\/h4><span class=\"lte-descr\">V\u00e4nligen skriv in dina uppgifter nedan s\u00e5 h\u00f6r vi oss till dig.<\/span>\n<div class=\"wpcf7 no-js\" id=\"wpcf7-f20707-o1\" lang=\"en-US\" dir=\"ltr\" data-wpcf7-id=\"20707\">\n<div class=\"screen-reader-response\"><p role=\"status\" aria-live=\"polite\" aria-atomic=\"true\"><\/p> <ul><\/ul><\/div>\n<form action=\"\/en\/wp-json\/wp\/v2\/pages\/13611#wpcf7-f20707-o1\" method=\"post\" class=\"wpcf7-form init\" aria-label=\"Contact form\" novalidate=\"novalidate\" data-status=\"init\" data-trp-original-action=\"\/en\/wp-json\/wp\/v2\/pages\/13611#wpcf7-f20707-o1\">\n<fieldset class=\"hidden-fields-container\"><input type=\"hidden\" name=\"_wpcf7\" value=\"20707\" \/><input type=\"hidden\" name=\"_wpcf7_version\" value=\"6.1.5\" \/><input type=\"hidden\" name=\"_wpcf7_locale\" value=\"en_US\" \/><input type=\"hidden\" name=\"_wpcf7_unit_tag\" value=\"wpcf7-f20707-o1\" \/><input type=\"hidden\" name=\"_wpcf7_container_post\" value=\"0\" \/><input type=\"hidden\" name=\"_wpcf7_posted_data_hash\" value=\"\" \/>\n<\/fieldset>\n<div class=\"row\">\n\t<div class=\"col-lg-6 col-md-12 col-xs-12\">\n\t\t<p><span class=\"lte-form-icon lte-font icon-user\"><\/span><span class=\"wpcf7-form-control-wrap\" data-name=\"field-name\"><input size=\"40\" maxlength=\"400\" class=\"wpcf7-form-control wpcf7-text wpcf7-validates-as-required\" aria-required=\"true\" aria-invalid=\"false\" placeholder=\"Namn\" value=\"\" type=\"text\" name=\"field-name\" \/><\/span>\n\t\t<\/p>\n\t<\/div>\n\t<div class=\"col-lg-6 col-md-12 col-xs-12\">\n\t\t<p><span class=\"lte-form-icon lte-font icon-call-3\"><\/span><span class=\"wpcf7-form-control-wrap\" data-name=\"field-phone\"><input size=\"40\" maxlength=\"400\" class=\"wpcf7-form-control wpcf7-text wpcf7-validates-as-required\" aria-required=\"true\" aria-invalid=\"false\" placeholder=\"Mobile nummer\" value=\"\" type=\"text\" name=\"field-phone\" \/><\/span>\n\t\t<\/p>\n\t<\/div>\n\t<div class=\"col-lg-6 col-md-12 col-xs-12\">\n\t\t<p><span class=\"lte-form-icon lte-font icon-mail-1\"><\/span><span class=\"wpcf7-form-control-wrap\" data-name=\"field-email\"><input size=\"40\" maxlength=\"400\" class=\"wpcf7-form-control wpcf7-text wpcf7-validates-as-required\" aria-required=\"true\" aria-invalid=\"false\" placeholder=\"E-post\" value=\"\" type=\"text\" name=\"field-email\" \/><\/span>\n\t\t<\/p>\n\t<\/div>\n\t<div class=\"col-lg-6 col-md-12 col-xs-12\">\n\t\t<p><span class=\"lte-form-icon lte-font icon-file\"><\/span><span class=\"wpcf7-form-control-wrap\" data-name=\"field-subject\"><input size=\"40\" maxlength=\"400\" class=\"wpcf7-form-control wpcf7-text wpcf7-validates-as-required\" aria-required=\"true\" aria-invalid=\"false\" placeholder=\"\u00c4mne\" value=\"\" type=\"text\" name=\"field-subject\" \/><\/span>\n\t\t<\/p>\n\t<\/div>\n\t<div class=\"col-lg-12 col-md-12 col-xs-12\">\n\t\t<p><span class=\"lte-form-icon lte-font icon-feather\"><\/span><span class=\"wpcf7-form-control-wrap\" data-name=\"field-message\"><textarea cols=\"40\" rows=\"10\" maxlength=\"2000\" class=\"wpcf7-form-control wpcf7-textarea\" aria-invalid=\"false\" placeholder=\"Ditt Meddelande\" name=\"field-message\"><\/textarea><\/span>\n\t\t<\/p>\n\t<\/div>\n<\/div>\n<p><input class=\"wpcf7-form-control wpcf7-submit has-spinner\" type=\"submit\" value=\"Skicka\" \/>\n<\/p><div class=\"wpcf7-response-output\" aria-hidden=\"true\"><\/div>\n<input type=\"hidden\" name=\"trp-form-language\" value=\"en\"\/><\/form>\n<\/div>\n<\/div>\t\t\t\t<\/div>\n\t\t\t\t<\/div>\n\t\t\t\t<\/div>\n\t\t\t\t\t<\/div>\n\t\t\t\t<\/div>\n\t\t<div class=\"elementor-element elementor-element-ab9746b e-con-full e-flex e-con e-parent\" data-id=\"ab9746b\" data-element_type=\"container\" data-e-type=\"container\">\n\t\t\t\t<div class=\"elementor-element elementor-element-dc908d2 elementor-widget elementor-widget-lte-googlemaps\" data-id=\"dc908d2\" data-element_type=\"widget\" data-e-type=\"widget\" data-widget_type=\"lte-googlemaps.default\">\n\t\t\t\t<div class=\"elementor-widget-container\">\n\t\t\t\t\t<div id=\"lte-google-map-100573495\" class=\"lte-google-maps\"\r\n\tstyle=\"width: 100%; height: 600px;\"\r\n\tdata-lat=\"40.7058253\"\r\n\tdata-lng=\"-74.1180862\"\r\n\r\n\tdata-offset-x=\"0\"\r\n\tdata-offset-y=\"0\"\r\n\r\n\tdata-marker=\"https:\/\/nonnadoro.com\/wp-content\/themes\/milatte\/assets\/images\/location.png\"\r\n\tdata-zoom=\"10\">\r\n <\/div>\t\t\t\t<\/div>\n\t\t\t\t<\/div>\n\t\t\t\t<\/div>\n\t\t\t\t<\/div>","protected":false},"excerpt":{"rendered":"<p>Kontakta oss Har du fr\u00e5gor eller vill du jobba med oss? Vi \u00e4r alltid \u00f6ppna f\u00f6r nya sp\u00e4nnande samarbeten och letar st\u00e4ndigt efter nya talanger till v\u00e5rt team. Oavsett om [&hellip;]<\/p>\n","protected":false},"author":1,"featured_media":42995,"parent":0,"menu_order":0,"comment_status":"closed","ping_status":"closed","template":"page-templates\/full-width.php","meta":{"footnotes":""},"class_list":["post-13611","page","type-page","status-publish","has-post-thumbnail","hentry"],"_links":{"self":[{"href":"https:\/\/nonnadoro.com\/en\/wp-json\/wp\/v2\/pages\/13611","targetHints":{"allow":["GET"]}}],"collection":[{"href":"https:\/\/nonnadoro.com\/en\/wp-json\/wp\/v2\/pages"}],"about":[{"href":"https:\/\/nonnadoro.com\/en\/wp-json\/wp\/v2\/types\/page"}],"author":[{"embeddable":true,"href":"https:\/\/nonnadoro.com\/en\/wp-json\/wp\/v2\/users\/1"}],"replies":[{"embeddable":true,"href":"https:\/\/nonnadoro.com\/en\/wp-json\/wp\/v2\/comments?post=13611"}],"version-history":[{"count":29,"href":"https:\/\/nonnadoro.com\/en\/wp-json\/wp\/v2\/pages\/13611\/revisions"}],"predecessor-version":[{"id":44028,"href":"https:\/\/nonnadoro.com\/en\/wp-json\/wp\/v2\/pages\/13611\/revisions\/44028"}],"wp:featuredmedia":[{"embeddable":true,"href":"https:\/\/nonnadoro.com\/en\/wp-json\/wp\/v2\/media\/42995"}],"wp:attachment":[{"href":"https:\/\/nonnadoro.com\/en\/wp-json\/wp\/v2\/media?parent=13611"}],"curies":[{"name":"wp","href":"https:\/\/api.w.org\/{rel}","templated":true}]}}