{"id":14726,"date":"2020-05-30T15:12:50","date_gmt":"2020-05-30T15:12:50","guid":{"rendered":"http:\/\/nonnadoro.com\/?page_id=14726"},"modified":"2026-03-25T08:01:19","modified_gmt":"2026-03-25T07:01:19","slug":"villkor","status":"publish","type":"page","link":"https:\/\/nonnadoro.com\/en\/villkor\/","title":{"rendered":"Dina K\u00f6pvillkor"},"content":{"rendered":"\n<p>1. Om Nonna Doro<\/p>\n\n\n\n<ul class=\"wp-block-list\">\n<li>F\u00f6retaget (Javadi Group AB, org.nr: 559548-2430) har sitt s\u00e4te i Liding\u00f6. F\u00f6retagets postadress \u00e4r Box 1055, 181 55 Liding\u00f6.<\/li>\n\n\n\n<li>\u00d6nskar du att komma i kontakt med oss, skicka ett mail till info@nonnadoro.com med ditt \u00e4rende och dina kontaktuppgifter s\u00e5 h\u00f6r vi av oss inom kort.<\/li>\n<\/ul>\n\n\n\n<h2 class=\"wp-block-heading\">2. Best\u00e4llning<\/h2>\n\n\n\n<ul class=\"wp-block-list\">\n<li>N\u00e4r du slutf\u00f6rt din best\u00e4llning skickas en orderbekr\u00e4ftelse till din e-postadress. I bekr\u00e4ftelsen finner du alla uppgifter om produkter, pris, fakturerings- och leveransadress.<\/li>\n\n\n\n<li>\u00c4r n\u00e5got fel i orderbekr\u00e4ftelsen ska du omedelbart kontakta oss via e-post till info@nonnadoro.com.<\/li>\n<\/ul>\n\n\n\n<h2 class=\"wp-block-heading\">3. Prenumerationbest\u00e4llningar<\/h2>\n\n\n\n<ul class=\"wp-block-list\">\n<li>F\u00f6r att p\u00e5b\u00f6rja en prenumertion av v\u00e5ra produkter s\u00e5 v\u00e4ljer du prenumeration p\u00e5 produktsidan.<\/li>\n\n\n\n<li>Vi har ingen bindningstid. Din prenumeration kan du sj\u00e4lv avsluta via \u201cDitt konto\u201d.<\/li>\n\n\n\n<li>Du debiteras vid varje utskick. Och det sker s\u00e5 ofta som du sj\u00e4lv har valt. Det kan vara varje m\u00e5nad, varannan m\u00e5nad m.m. Leveransperioder kan ocks\u00e5 styras manuellt fr\u00e5n \u201cDitt konto\u201d.<\/li>\n\n\n\n<li>\u00c4r n\u00e5got fel i orderbekr\u00e4ftelsen ska du omedelbart kontakta oss via e-post till info@nonnadoro.com.<\/li>\n<\/ul>\n\n\n\n<h2 class=\"wp-block-heading\">4. Leverans<\/h2>\n\n\n\n<ul class=\"wp-block-list\">\n<li>V\u00e5ra normala leveranstider \u00e4r 1-3 dagar. OBS! Best\u00e4llningar lagda p\u00e5 helger skickas tidigast p\u00e5 m\u00e5ndagen efter.<\/li>\n\n\n\n<li>Om f\u00f6rseningar i leveransen skulle uppst\u00e5 (utan att vi har meddelat dig om l\u00e4ngre leveranstid) ska du kontakta oss p\u00e5 e-postadress: info@nonnadoro.com.<\/li>\n<\/ul>\n\n\n\n<h2 class=\"wp-block-heading\">5. Priser<\/h2>\n\n\n\n<ul class=\"wp-block-list\">\n<li>Alla priser i butiken anges i SEK och alla priser \u00e4r inklusive 6% moms.<\/li>\n\n\n\n<li>Vi reserverar oss f\u00f6r pris\u00e4ndringar orsakat av pris\u00e4ndring fr\u00e5n leverant\u00f6r, feltryck i prislistan samt felaktigheter i priser beroende p\u00e5 felaktig information och f\u00f6rbeh\u00e5ller oss r\u00e4tten att justera priset.<\/li>\n<\/ul>\n\n\n\n<h2 class=\"wp-block-heading\">6. \u00c5ngerr\u00e4tt<\/h2>\n\n\n\n<p>Vid k\u00f6p av varor p\u00e5 webbplatsen g\u00e4ller <strong>ingen \u00e5ngerr\u00e4tt<\/strong>.<\/p>\n\n\n\n<p>Enligt g\u00e4llande lagstiftning om distansavtal undantas varor som snabbt kan f\u00f6rs\u00e4mras eller bli f\u00f6r gamla, s\u00e5som livsmedel (inklusive ost), fr\u00e5n \u00e5ngerr\u00e4tten. Detta inneb\u00e4r att k\u00f6p som g\u00f6rs hos oss \u00e4r bindande och inte kan \u00e5ngras efter att best\u00e4llningen har genomf\u00f6rts.<\/p>\n\n\n\n<p>Om en vara \u00e4r felaktig, skadad vid leverans eller inte motsvarar din best\u00e4llning, ber vi dig kontakta oss s\u00e5 snart som m\u00f6jligt via <strong><a>info@nonnadoro.com<\/a><\/strong>.<\/p>\n\n\n\n<p>I ditt meddelande ska f\u00f6ljande framg\u00e5:<\/p>\n\n\n\n<ul class=\"wp-block-list\">\n<li>Namn<\/li>\n\n\n\n<li>Ordernummer<\/li>\n\n\n\n<li>Beskrivning av felet<\/li>\n\n\n\n<li>G\u00e4rna bild som visar problemet<\/li>\n<\/ul>\n\n\n\n<p>Vid godk\u00e4nd reklamation erbjuder vi ers\u00e4ttning i form av ny vara eller \u00e5terbetalning.<\/p>\n\n\n\n<p>Vi ansvarar f\u00f6r att produkterna h\u00e5ller h\u00f6g kvalitet vid leverans. D\u00e5 v\u00e5ra produkter \u00e4r livsmedel som kr\u00e4ver korrekt f\u00f6rvaring ansvarar kunden f\u00f6r att varorna hanteras och f\u00f6rvaras enligt anvisningar efter mottagandet.<\/p>\n\n\n\n<h2 class=\"wp-block-heading\">7. Reklamation och klagom\u00e5l<\/h2>\n\n\n\n<p>Om en vara \u00e4r felaktig, skadad vid leverans eller inte motsvarar din best\u00e4llning, ber vi dig kontakta oss s\u00e5 snart som m\u00f6jligt via <strong><a>info@nonnadoro.com<\/a><\/strong>.<\/p>\n\n\n\n<p>I ditt meddelande ska f\u00f6ljande framg\u00e5:<\/p>\n\n\n\n<ul class=\"wp-block-list\">\n<li>Namn<\/li>\n\n\n\n<li>Ordernummer<\/li>\n\n\n\n<li>Beskrivning av felet<\/li>\n\n\n\n<li>G\u00e4rna bild som visar problemet<\/li>\n<\/ul>\n\n\n\n<p>Vid godk\u00e4nd reklamation erbjuder vi ers\u00e4ttning i form av ny vara eller \u00e5terbetalning.<\/p>\n\n\n\n<h2 class=\"wp-block-heading\">8. Ansvarsbegr\u00e4nsning<\/h2>\n\n\n\n<ul class=\"wp-block-list\">\n<li>Vi ansvarar f\u00f6r att produkterna h\u00e5ller h\u00f6g kvalitet vid leverans. D\u00e5 v\u00e5ra produkter \u00e4r livsmedel som kr\u00e4ver korrekt f\u00f6rvaring ansvarar kunden f\u00f6r att varorna hanteras och f\u00f6rvaras enligt anvisningar efter mottagandet.<\/li>\n<\/ul>\n\n\n\n<h2 class=\"wp-block-heading\">9. Produktinformation<\/h2>\n\n\n\n<ul class=\"wp-block-list\">\n<li>Vi reserverar oss f\u00f6r eventuella tryckfel p\u00e5 denna webbplats samt slutf\u00f6rs\u00e4ljning av produkter. Vi garanterar inte att bilderna \u00e5terger produkternas exakta utseende d\u00e5 en viss f\u00e4rgskillnad kan f\u00f6rekomma beroende p\u00e5 bildsk\u00e4rm, fotokvalitet samt uppl\u00f6sning. Vi f\u00f6rs\u00f6ker alltid p\u00e5 b\u00e4sta s\u00e4tt att exponera produkterna s\u00e5 korrekt som m\u00f6jligt.<\/li>\n<\/ul>\n\n\n\n<h2 class=\"wp-block-heading\">10. Information om Cookies<\/h2>\n\n\n\n<ul class=\"wp-block-list\">\n<li>Enligt lag om elektronisk information ska bes\u00f6kare p\u00e5 en webbplats i integritetssyfte f\u00e5 information om att cookies anv\u00e4nds. Informationen i cookien \u00e4r m\u00f6jlig att anv\u00e4nda f\u00f6r att f\u00f6lja en anv\u00e4ndares surfande. Cookie \u00e4r en liten textfil som webbplatsen du bes\u00f6ker beg\u00e4r att f\u00e5 spara p\u00e5 din dator f\u00f6r att ge tillg\u00e5ng till olika funktioner. Det g\u00e5r att st\u00e4lla in sin webbl\u00e4sare s\u00e5 att den automatiskt nekar cookies. Mer information kan man hitta p\u00e5 Post och telestyrelsens hemsida.<\/li>\n<\/ul>\n\n\n\n<h2 class=\"wp-block-heading\">11. Personuppgifter<\/h2>\n\n\n\n<ul class=\"wp-block-list\">\n<li>Genom att handla hos Nonnadoro accepterar du v\u00e5r dataskyddspolicy och v\u00e5r behandling av dina personuppgifter. Vi v\u00e4rnar om din personliga integritet och samlar inte in fler uppgifter \u00e4n n\u00f6dv\u00e4ndigt f\u00f6r att behandla din best\u00e4llning. Vi s\u00e4ljer eller vidareger aldrig dina uppgifter till tredje part utan r\u00e4ttslig grund.<\/li>\n\n\n\n<li>Nonnadoro \u00e4r ansvarig f\u00f6r behandlingen av personuppgifter som du l\u00e4mnat till oss som kund. Dina personuppgifter behandlas av oss f\u00f6r att kunna hantera din best\u00e4llning samt i de tillf\u00e4llen d\u00e5 du har \u00f6nskat nyhetsbrev eller kampanjerbjudanden \u2013 f\u00f6r att kunna anpassa marknadsf\u00f6ringen \u00e5t dina individuella behov.<\/li>\n\n\n\n<li>Nedan information \u00e4r en summering av hur vi i enlighet med&nbsp;<a href=\"https:\/\/www.datainspektionen.se\/dataskyddsreformen\/dataskyddsforordningen\/\">dataskyddsf\u00f6rordningen<\/a>&nbsp;(GDPR) lagrar och behandlar dina uppgifter.<\/li>\n<\/ul>\n\n\n\n<p>11.1 Vad \u00e4r en personuppgift?<\/p>\n\n\n\n<ul class=\"wp-block-list\">\n<li>En personuppgift \u00e4r all information som direkt eller indirekt kan h\u00e4nf\u00f6ras till en fysisk person.<\/li>\n<\/ul>\n\n\n\n<p>11.2 Vilka uppgifter lagrar vi?<\/p>\n\n\n\n<ul class=\"wp-block-list\">\n<li>F\u00f6r att kunna hantera din best\u00e4llning samt svara p\u00e5 fr\u00e5gor relaterat till din order (kundtj\u00e4nst) lagrar vi ditt f\u00f6rnamn- och efternamn, adress, telefonnummer, e-postadress, ip-adress och k\u00f6phistorik.<\/li>\n\n\n\n<li>Dina uppgifter lagras s\u00e5 l\u00e4nge vi har en r\u00e4ttslig grund att behandla dina uppgifter, exempelvis f\u00f6r att fullf\u00f6lja avtalet mellan oss eller f\u00f6r att efterleva en r\u00e4ttslig f\u00f6rpliktelse enligt exempelvis bokf\u00f6ringslagen.<\/li>\n<\/ul>\n\n\n\n<p>11.3 R\u00e4ttslig grund<\/p>\n\n\n\n<ul class=\"wp-block-list\">\n<li>I samband med ett k\u00f6p behandlas dina personuppgifter f\u00f6r att fullf\u00f6lja avtalet med dig.<br>Marknadsf\u00f6ring, kampanjer och liknande utskick sker efter samtycke fr\u00e5n dig.<\/li>\n<\/ul>\n\n\n\n<p>11.4 Vilka uppgifter delas och med vilket syfte?<\/p>\n\n\n\n<p>11.4.1 Betalleverant\u00f6r<\/p>\n\n\n\n<ul class=\"wp-block-list\">\n<li>Vid genomf\u00f6rande av k\u00f6p, delas information med v\u00e5r betalleverant\u00f6r. Det som lagras \u00e4r f\u00f6rnamn, efternamn, adress, e-postadress och telefonnummer. V\u00e4ljer du att betala med faktura sparas \u00e4ven personnummer hos betalleverant\u00f6ren. Informationen sparas f\u00f6r att kunna genomf\u00f6ra k\u00f6pet och f\u00f6r att skydda parterna mot bedr\u00e4geri.<br>De betalleverant\u00f6rer (betaltj\u00e4nster) som vi anv\u00e4nder oss av \u00e4r: Klarna.<\/li>\n<\/ul>\n\n\n\n<p>11.4.2 Fraktbolag<\/p>\n\n\n\n<ul class=\"wp-block-list\">\n<li>F\u00f6r att kunna leverera dina best\u00e4llningar och slutf\u00f6ra v\u00e5rt avtal m\u00e5ste vi dela med specifik information med fraktbolaget. Det som delas med fraktbolaget \u00e4r f\u00f6rnamn, efternamn samt adressuppgifter f\u00f6r leverans. E-postadress och\/eller mobilnummer kan \u00e4ven komma att delas med fraktbolaget f\u00f6r avisering.<br>Det fraktbolag vi samarbetar med \u00e4r DHL, UPS och POSTNORD<\/li>\n<\/ul>\n\n\n\n<p>11.4.3 Nyhetsbrev<\/p>\n\n\n\n<ul class=\"wp-block-list\">\n<li>Har du valt att prenumerera p\u00e5 v\u00e5rt nyhetsbrev delas f\u00f6rnamn, efternamn och e-postadress med v\u00e5r nyhetsbrevsleverant\u00f6r. Detta f\u00f6r att kunna h\u00e5lla dig uppdaterad med information och erbjudanden i marknadsf\u00f6ringssyfte.<br>Vi anv\u00e4nder Mailpoet f\u00f6r utskick av nyhetsbrev.<\/li>\n<\/ul>\n\n\n\n<p>11.5 R\u00e4tten till tillg\u00e5ng<\/p>\n\n\n\n<ul class=\"wp-block-list\">\n<li>Du har r\u00e4tt att f\u00e5 utdrag av all information som finns om dig hos oss. Utdrag levereras elektroniskt i ett l\u00e4sbart format.<\/li>\n<\/ul>\n\n\n\n<p>11.6 R\u00e4tt till r\u00e4ttelse<\/p>\n\n\n\n<ul class=\"wp-block-list\">\n<li>Du har r\u00e4tt att be oss uppdatera felaktig information eller komplettera information som \u00e4r bristf\u00e4llig.<\/li>\n<\/ul>\n\n\n\n<p>11.7 R\u00e4tten att bli gl\u00f6md<\/p>\n\n\n\n<ul class=\"wp-block-list\">\n<li>Du kan n\u00e4r som helst be att uppgifterna som avser dig raderas. Det finns f\u00e5 undantag till r\u00e4tten till radering, som till exempel om det ska beh\u00e5llas f\u00f6r att vi m\u00e5ste uppfylla en r\u00e4ttslig f\u00f6rpliktelse (exempelvis enligt bokf\u00f6ringslagen).<\/li>\n<\/ul>\n\n\n\n<p>11.8 Ansvarig f\u00f6r dataskydd<\/p>\n\n\n\n<ul class=\"wp-block-list\">\n<li>Nonnadoro \u00e4r ansvarig f\u00f6r lagring och behandling av personuppgifter i webbutiken och ser till att reglerna efterf\u00f6ljs.<\/li>\n<\/ul>\n\n\n\n<p>11.9 S\u00e5 skyddar vi dina personuppgifter<\/p>\n\n\n\n<ul class=\"wp-block-list\">\n<li>Vi anv\u00e4nder oss av industristandarder som SSL\/TLS och env\u00e4gs hash-algoritmer f\u00f6r att lagra, behandla och kommunicera k\u00e4nslig information som exempelvis personuppgifter och l\u00f6senord p\u00e5 ett s\u00e4kert s\u00e4tt.<br>Vi anv\u00e4nder en svensk plattform, WordPress, d\u00e4r hemsidan skapats av Joe.<\/li>\n<\/ul>\n\n\n\n<h2 class=\"wp-block-heading\">12. \u00c4ndringar till de Allm\u00e4nna Villkoren<\/h2>\n\n\n\n<ul class=\"wp-block-list\">\n<li>Vi f\u00f6rbeh\u00e5ller oss r\u00e4tten att n\u00e4r som helst f\u00f6reta \u00e4ndringar i villkoren. \u00c4ndringar av villkoren kommer att publiceras online p\u00e5 webbplatsen. De \u00e4ndrade villkoren anses f\u00f6r accepterade i samband med order eller bes\u00f6k p\u00e5 webbplatsen.<\/li>\n<\/ul>\n\n\n\n<h2 class=\"wp-block-heading\">13. Tvist och lagval<\/h2>\n\n\n\n<ul class=\"wp-block-list\">\n<li>I tillf\u00e4lle av att tvist inte kan l\u00f6sas i samf\u00f6rst\u00e5nd med f\u00f6retagets kundtj\u00e4nst och kunden, kan du som kund v\u00e4nda dig till Allm\u00e4nna Reklamationsn\u00e4mnden, se arn.se. F\u00f6r boende i ett annat EU-land \u00e4n Sverige kan man l\u00e4mna klagom\u00e5l online via EU-kommissionens plattform f\u00f6r medling i tvister, se http:\/\/ec.europa.eu\/consumers\/odr<\/li>\n\n\n\n<li>Vid eventuell tvist f\u00f6ljer vi beslut fr\u00e5n ARN eller motsvarande tvistl\u00f6sningsorgan.<\/li>\n\n\n\n<li>Tvist g\u00e4llande tolkningen eller till\u00e4mpningen av dessa allm\u00e4nna villkor ska tolkas i enlighet med svensk r\u00e4tt och lag.<\/li>\n<\/ul>\n\n\n\n<h2 class=\"wp-block-heading\"><strong>Policy f\u00f6r E-post och SMS Utskick<\/strong><\/h2>\n\n\n\n<p>Vi p\u00e5 nonnadoro.com v\u00e4rnar om din integritet och str\u00e4var efter att ge dig relevant information och erbjudanden p\u00e5 ett ansvarsfullt s\u00e4tt. Denna policy beskriver hur vi hanterar utskick via e-post och SMS, samt hur vi skyddar din personliga information i samband med dessa utskick.<\/p>\n\n\n\n<h3 class=\"wp-block-heading\">1.&nbsp;<strong>Samtycke<\/strong><\/h3>\n\n\n\n<p>Vi skickar endast marknadsf\u00f6ringsmaterial via e-post och SMS till kunder som har gett sitt uttryckliga samtycke. Genom att registrera dig p\u00e5 v\u00e5r hemsida, prenumerera p\u00e5 v\u00e5rt nyhetsbrev eller ange ditt telefonnummer f\u00f6r SMS-uppdateringar, ger du oss till\u00e5telse att skicka dig relevant information, kampanjer och erbjudanden.<\/p>\n\n\n\n<h3 class=\"wp-block-heading\">2.&nbsp;<strong>\u00c4ndam\u00e5l med Utskicken<\/strong><\/h3>\n\n\n\n<p>E-post och SMS fr\u00e5n Nonnadoro.com kan inneh\u00e5lla:<\/p>\n\n\n\n<ul class=\"wp-block-list\">\n<li>Information om nya produkter och tj\u00e4nster.<\/li>\n\n\n\n<li>Specialerbjudanden, kampanjer och rabatter.<\/li>\n\n\n\n<li>Nyheter och uppdateringar om v\u00e5r verksamhet och produkter.<\/li>\n<\/ul>\n\n\n\n<h3 class=\"wp-block-heading\">3.&nbsp;<strong>Personuppgifter och S\u00e4kerhet<\/strong><\/h3>\n\n\n\n<p>Vi behandlar dina personuppgifter, inklusive e-postadress och telefonnummer, i enlighet med g\u00e4llande dataskyddslagstiftning (GDPR). Dina uppgifter kommer endast att anv\u00e4ndas f\u00f6r det \u00e4ndam\u00e5l du har gett ditt samtycke till och kommer inte att delas med tredje part utan ditt uttryckliga godk\u00e4nnande.<\/p>\n\n\n\n<p>Vi anv\u00e4nder s\u00e4kra system och kryptering f\u00f6r att skydda dina uppgifter mot obeh\u00f6rig \u00e5tkomst eller missbruk. Dina uppgifter kommer att lagras s\u00e5 l\u00e4nge du vill forts\u00e4tta att ta emot utskick fr\u00e5n oss eller tills du beg\u00e4r att dina uppgifter ska tas bort.<\/p>\n\n\n\n<h3 class=\"wp-block-heading\">4.&nbsp;<strong>Avsluta Prenumeration<\/strong><\/h3>\n\n\n\n<p>Du kan n\u00e4r som helst v\u00e4lja att sluta ta emot marknadsf\u00f6ringsutskick fr\u00e5n oss. Varje e-postmeddelande och SMS inneh\u00e5ller en l\u00e4nk eller instruktioner f\u00f6r att avregistrera dig. Alternativt kan du kontakta oss direkt via\u00a0<a href=\"mailto:info@myparmesan.com\" target=\"_blank\" rel=\"noreferrer noopener\">info@nonnadoro.com<\/a>\u00a0f\u00f6r att beg\u00e4ra att bli borttagen fr\u00e5n v\u00e5ra utskickslistor.<\/p>\n\n\n\n<h3 class=\"wp-block-heading\">5.&nbsp;<strong>Frekvens<\/strong><\/h3>\n\n\n\n<p>Vi str\u00e4var efter att h\u00e5lla v\u00e5ra utskick relevanta och begr\u00e4nsa frekvensen av meddelanden till en niv\u00e5 som \u00e4r bekv\u00e4m f\u00f6r dig. Normalt sett skickar vi ut [ange antal] e-postmeddelanden och\/eller SMS per m\u00e5nad, men detta kan variera beroende p\u00e5 kampanjer och erbjudanden.<\/p>\n\n\n\n<h3 class=\"wp-block-heading\">6.&nbsp;<strong>Kundkommunikation<\/strong><\/h3>\n\n\n\n<p>Vi anv\u00e4nder e-post och SMS f\u00f6r att kommunicera viktig information om dina best\u00e4llningar, som orderbekr\u00e4ftelser, leveransuppdateringar och support\u00e4renden. Dessa meddelanden betraktas som n\u00f6dv\u00e4ndig kommunikation och omfattas inte av marknadsf\u00f6ringssamtycke.<\/p>\n\n\n\n<h3 class=\"wp-block-heading\">7.&nbsp;<strong>\u00c4ndringar i Policyn<\/strong><\/h3>\n\n\n\n<p>Vi f\u00f6rbeh\u00e5ller oss r\u00e4tten att uppdatera denna policy vid behov. Eventuella \u00e4ndringar kommer att meddelas p\u00e5 v\u00e5r webbplats och genom de kontaktv\u00e4gar som vi har till ditt f\u00f6rfogande.<\/p>\n\n\n\n<hr class=\"wp-block-separator has-alpha-channel-opacity\"\/>\n\n\n\n<p><strong>Kontaktinformation<\/strong><\/p>\n\n\n\n<p>Om du har n\u00e5gra fr\u00e5gor om denna policy eller hur vi behandlar dina personuppgifter, v\u00e4nligen kontakta oss via:&nbsp;<a href=\"mailto:Info@myparmesan.com\" target=\"_blank\" rel=\"noreferrer noopener\">Info@nonnadoro.com<\/a><\/p>\n","protected":false},"excerpt":{"rendered":"<p>1. Om Nonna Doro 2. Best\u00e4llning 3. Prenumerationbest\u00e4llningar 4. Leverans 5. Priser 6. \u00c5ngerr\u00e4tt Vid k\u00f6p av varor p\u00e5 webbplatsen g\u00e4ller ingen \u00e5ngerr\u00e4tt. Enligt g\u00e4llande lagstiftning om distansavtal undantas varor [&hellip;]<\/p>\n","protected":false},"author":1,"featured_media":0,"parent":0,"menu_order":0,"comment_status":"closed","ping_status":"closed","template":"","meta":{"footnotes":""},"class_list":["post-14726","page","type-page","status-publish","hentry"],"_links":{"self":[{"href":"https:\/\/nonnadoro.com\/en\/wp-json\/wp\/v2\/pages\/14726","targetHints":{"allow":["GET"]}}],"collection":[{"href":"https:\/\/nonnadoro.com\/en\/wp-json\/wp\/v2\/pages"}],"about":[{"href":"https:\/\/nonnadoro.com\/en\/wp-json\/wp\/v2\/types\/page"}],"author":[{"embeddable":true,"href":"https:\/\/nonnadoro.com\/en\/wp-json\/wp\/v2\/users\/1"}],"replies":[{"embeddable":true,"href":"https:\/\/nonnadoro.com\/en\/wp-json\/wp\/v2\/comments?post=14726"}],"version-history":[{"count":6,"href":"https:\/\/nonnadoro.com\/en\/wp-json\/wp\/v2\/pages\/14726\/revisions"}],"predecessor-version":[{"id":43688,"href":"https:\/\/nonnadoro.com\/en\/wp-json\/wp\/v2\/pages\/14726\/revisions\/43688"}],"wp:attachment":[{"href":"https:\/\/nonnadoro.com\/en\/wp-json\/wp\/v2\/media?parent=14726"}],"curies":[{"name":"wp","href":"https:\/\/api.w.org\/{rel}","templated":true}]}}