{"id":29531,"date":"2021-12-05T19:50:15","date_gmt":"2021-12-05T19:50:15","guid":{"rendered":"http:\/\/nonnadoro.com\/?page_id=29531"},"modified":"2026-04-07T07:24:34","modified_gmt":"2026-04-07T06:24:34","slug":"omoss","status":"publish","type":"page","link":"https:\/\/nonnadoro.com\/en\/omoss\/","title":{"rendered":"OM OSS"},"content":{"rendered":"<div data-elementor-type=\"wp-page\" data-elementor-id=\"29531\" class=\"elementor elementor-29531\">\n\t\t\t\t<div class=\"elementor-element elementor-element-80233cb e-con-full e-flex e-con e-parent\" data-id=\"80233cb\" data-element_type=\"container\" data-e-type=\"container\">\n\t\t<div class=\"elementor-element elementor-element-733dfa0 e-con-full e-flex e-con e-child\" data-id=\"733dfa0\" data-element_type=\"container\" data-e-type=\"container\">\n\t\t\t\t<div class=\"elementor-element elementor-element-207ccdb elementor-widget__width-initial elementor-widget elementor-widget-text-editor\" data-id=\"207ccdb\" data-element_type=\"widget\" data-e-type=\"widget\" data-widget_type=\"text-editor.default\">\n\t\t\t\t<div class=\"elementor-widget-container\">\n\t\t\t\t\t\t\t\t\t<div class=\"lRu31\" dir=\"ltr\"><h2 data-path-to-node=\"2\">Om Nonna d\u2019Oro \u2013 Ett arv av smak och hantverk<\/h2><p data-path-to-node=\"3\">V\u00e4lkommen till <b data-path-to-node=\"3\" data-index-in-node=\"15\">Nonna d\u2019Oro<\/b>, d\u00e4r vi f\u00f6renar passionen f\u00f6r genuint mathantverk med v\u00e4rldens fr\u00e4msta lagringstraditioner. Vi specialiserar oss p\u00e5 de absoluta ikonerna inom ostv\u00e4rlden: <b data-path-to-node=\"3\" data-index-in-node=\"181\">Parmigiano Reggiano<\/b> och <b data-path-to-node=\"3\" data-index-in-node=\"205\">Le Gruy\u00e8re AOP<\/b>.<\/p><h3 data-path-to-node=\"4\">Kvalitet som \u00e4r skyddad av lag<\/h3><p data-path-to-node=\"5\">F\u00f6r oss \u00e4r ursprung allt. Vi arbetar uteslutande med ostar som innehar statusen <b data-path-to-node=\"5\" data-index-in-node=\"80\">DOP<\/b> (Denominazione di Origine Protetta) och <b data-path-to-node=\"5\" data-index-in-node=\"124\">AOP<\/b> (Appellation d\u2019Origine Prot\u00e9g\u00e9e). Detta \u00e4r din garanti f\u00f6r att osten \u00e4r framst\u00e4lld enligt strikta traditionella metoder, i specifika regioner, och med en kvalitet som inte g\u00e5r att kopiera.<\/p><h3 data-path-to-node=\"6\">Samarbeten med v\u00e4rldens fr\u00e4msta affin\u00f6rer<\/h3><p data-path-to-node=\"7\">En ost \u00e4r aldrig b\u00e4ttre \u00e4n den person som v\u00e5rdar den. D\u00e4rf\u00f6r har vi valt att samarbeta med de mest framst\u00e5ende <b data-path-to-node=\"7\" data-index-in-node=\"111\">affin\u00f6rerna<\/b> och lagringsm\u00e4starna i Europa. V\u00e5ra partners \u00e4r inte bara experter \u2013 de \u00e4r prisbel\u00f6nta vision\u00e4rer som har vunnit internationellt erk\u00e4nnande f\u00f6r sin f\u00f6rm\u00e5ga att f\u00f6rvandla f\u00e4rsk ostmassa till komplexa smakm\u00e4sterverk.<\/p><p data-path-to-node=\"8\">Genom att l\u00e5ta hjulen vila under exakta f\u00f6rh\u00e5llanden i m\u00e5nader, och ibland \u00e5r, lockar de fram den unika s\u00e4ltan, de krispiga tyrosinkristallerna och de djupa n\u00f6tiga aromerna som k\u00e4nnetecknar en riktigt fin lagrad ost.<\/p><h3 data-path-to-node=\"9\">V\u00e5r filosofi<\/h3><p data-path-to-node=\"10\">Nonna d\u2019Oro f\u00f6ddes ur k\u00e4rleken till det enkla men perfekta. Vi tror p\u00e5 att f\u00f6ra det b\u00e4sta fr\u00e5n de alpina \u00e4ngarna och de italienska sl\u00e4tterna direkt till ditt bord. N\u00e4r du v\u00e4ljer en ost fr\u00e5n oss, v\u00e4ljer du inte bara en r\u00e5vara \u2013 du v\u00e4ljer ett resultat av generationers kunskap, t\u00e5lamod och ett kompromissl\u00f6st s\u00f6kande efter den perfekta smaken.<\/p><div class=\"OvtS8d\">\u00a0<\/div><div class=\"NQSJo\">\u00a0<\/div><\/div><div class=\"UdTY9 WdefRb\" aria-hidden=\"true\" data-location=\"2\"><div class=\"kO6q6e\">\u00a0<\/div><\/div>\t\t\t\t\t\t\t\t<\/div>\n\t\t\t\t<\/div>\n\t\t\t\t<div class=\"elementor-element elementor-element-9e772b2 lte-heading-align-mobile_extra-center elementor-widget-tablet_extra__width-initial elementor-widget__width-initial lte-watermark-offset-1 elementor-widget elementor-widget-lte-header\" data-id=\"9e772b2\" data-element_type=\"widget\" data-e-type=\"widget\" data-widget_type=\"lte-header.default\">\n\t\t\t\t<div class=\"elementor-widget-container\">\n\t\t\t\t\t<div class=\"lte-heading lte-style-header-subheader heading-tag-h2 heading-subtag-h6\"><div class=\"lte-heading-content\"><\/div><\/div>\t\t\t\t<\/div>\n\t\t\t\t<\/div>\n\t\t\t\t<div class=\"elementor-element elementor-element-f2d1a51 elementor-widget elementor-widget-image\" data-id=\"f2d1a51\" data-element_type=\"widget\" data-e-type=\"widget\" data-widget_type=\"image.default\">\n\t\t\t\t<div class=\"elementor-widget-container\">\n\t\t\t\t\t\t\t\t\t\t\t\t\t\t\t<img loading=\"lazy\" decoding=\"async\" width=\"174\" height=\"55\" src=\"https:\/\/nonnadoro.com\/wp-content\/uploads\/2024\/11\/signature_black.png\" class=\"attachment-large size-large wp-image-42165\" alt=\"\" srcset=\"https:\/\/nonnadoro.com\/wp-content\/uploads\/2024\/11\/signature_black.png 174w, https:\/\/nonnadoro.com\/wp-content\/uploads\/2024\/11\/signature_black-100x32.png 100w\" sizes=\"auto, (max-width: 174px) 100vw, 174px\" \/>\t\t\t\t\t\t\t\t\t\t\t\t\t\t\t<\/div>\n\t\t\t\t<\/div>\n\t\t\t\t<\/div>\n\t\t<div class=\"elementor-element elementor-element-fe90eae e-con-full e-flex e-con e-child\" data-id=\"fe90eae\" data-element_type=\"container\" data-e-type=\"container\">\n\t\t\t\t<div class=\"elementor-element elementor-element-26e6c5a elementor-widget elementor-widget-image\" data-id=\"26e6c5a\" data-element_type=\"widget\" data-e-type=\"widget\" data-widget_type=\"image.default\">\n\t\t\t\t<div class=\"elementor-widget-container\">\n\t\t\t\t\t\t\t\t\t\t\t\t\t\t\t<img loading=\"lazy\" decoding=\"async\" width=\"1024\" height=\"768\" src=\"https:\/\/nonnadoro.com\/wp-content\/uploads\/2026\/03\/Le-gruyere-Cow-1-1024x768.jpeg\" class=\"attachment-large size-large wp-image-43728\" alt=\"\" srcset=\"https:\/\/nonnadoro.com\/wp-content\/uploads\/2026\/03\/Le-gruyere-Cow-1-1024x768.jpeg 1024w, https:\/\/nonnadoro.com\/wp-content\/uploads\/2026\/03\/Le-gruyere-Cow-1-300x225.jpeg 300w, https:\/\/nonnadoro.com\/wp-content\/uploads\/2026\/03\/Le-gruyere-Cow-1-768x576.jpeg 768w, https:\/\/nonnadoro.com\/wp-content\/uploads\/2026\/03\/Le-gruyere-Cow-1-1536x1152.jpeg 1536w, https:\/\/nonnadoro.com\/wp-content\/uploads\/2026\/03\/Le-gruyere-Cow-1-16x12.jpeg 16w, https:\/\/nonnadoro.com\/wp-content\/uploads\/2026\/03\/Le-gruyere-Cow-1-500x375.jpeg 500w, https:\/\/nonnadoro.com\/wp-content\/uploads\/2026\/03\/Le-gruyere-Cow-1-100x75.jpeg 100w, https:\/\/nonnadoro.com\/wp-content\/uploads\/2026\/03\/Le-gruyere-Cow-1-450x338.jpeg 450w, https:\/\/nonnadoro.com\/wp-content\/uploads\/2026\/03\/Le-gruyere-Cow-1-1250x938.jpeg 1250w, https:\/\/nonnadoro.com\/wp-content\/uploads\/2026\/03\/Le-gruyere-Cow-1-800x600.jpeg 800w, https:\/\/nonnadoro.com\/wp-content\/uploads\/2026\/03\/Le-gruyere-Cow-1-480x360.jpeg 480w, https:\/\/nonnadoro.com\/wp-content\/uploads\/2026\/03\/Le-gruyere-Cow-1-600x450.jpeg 600w, https:\/\/nonnadoro.com\/wp-content\/uploads\/2026\/03\/Le-gruyere-Cow-1.jpeg 2000w\" sizes=\"auto, (max-width: 1024px) 100vw, 1024px\" \/>\t\t\t\t\t\t\t\t\t\t\t\t\t\t\t<\/div>\n\t\t\t\t<\/div>\n\t\t\t\t<\/div>\n\t\t\t\t<\/div>\n\t\t<div class=\"elementor-element elementor-element-24e1187 e-flex e-con-boxed e-con e-child\" data-id=\"24e1187\" data-element_type=\"container\" data-e-type=\"container\">\n\t\t\t\t\t<div class=\"e-con-inner\">\n\t\t\t\t<div class=\"elementor-element elementor-element-0ee7311 lte-style-grid-disabled elementor-widget elementor-widget-lte-icons\" data-id=\"0ee7311\" data-element_type=\"widget\" data-e-type=\"widget\" data-widget_type=\"lte-icons.default\">\n\t\t\t\t<div class=\"elementor-widget-container\">\n\t\t\t\t\t<ul class=\"lte-block-icon has-descr icons-count-2 lte-icon-space-md lte-icon-shape-circle lte-icon-background-gray lte-icon-grid-background-disabled lte-icon-color-black lte-icon-divider-disabled lte-icon-size-big lte-header-color-default lte-icon-type-top lte-icon-align- lte-hover-animation-yes layout-responsive lte-additional-\"><li class=\"col-xl-3 col-lg-3 col-md-6 col-sm-6 col-ms-6 col-xs-12\"><div   class=\"lte-inner\"><i aria-hidden=\"true\" class=\"icon icon-nature-product\"><\/i><span class=\"lte-icon-content\"> <span class=\"lte-header lte-h4\"> 100% Ekologisk Produkt  <\/span> <span class=\"lte-descr\">Garanti p\u00e5 kvalitet \u2013 direkt fr\u00e5n v\u00e5r g\u00e5rd till ditt bord<\/span><\/span><\/div><\/li><li class=\"col-xl-3 col-lg-3 col-md-6 col-sm-6 col-ms-6 col-xs-12\"><div   class=\"lte-inner\"><i aria-hidden=\"true\" class=\"icon icon-cheese\"><\/i><span class=\"lte-icon-content\"> <span class=\"lte-header lte-h4\"> Brett Sortiment  <\/span> <span class=\"lte-descr\">Vi producerar b\u00e5de traditionella favoriter och innovativa smakuppt\u00e4ckter.<\/span><\/span><\/div><\/li><\/ul>\t\t\t\t<\/div>\n\t\t\t\t<\/div>\n\t\t\t\t\t<\/div>\n\t\t\t\t<\/div>\n\t\t<div class=\"elementor-element elementor-element-0ce3336 lte-background-black lte-parallax-yes lte-overlay-wrapper-semi-black e-flex e-con-boxed e-con e-parent\" data-id=\"0ce3336\" data-element_type=\"container\" data-e-type=\"container\" data-settings=\"{&quot;background_background&quot;:&quot;classic&quot;}\">\n\t\t\t\t\t<div class=\"e-con-inner\">\n\t\t\t\t<div class=\"elementor-element elementor-element-70c59b1 lte-heading-align-center lte-watermark-offset-1 elementor-widget elementor-widget-lte-header\" data-id=\"70c59b1\" data-element_type=\"widget\" data-e-type=\"widget\" data-widget_type=\"lte-header.default\">\n\t\t\t\t<div class=\"elementor-widget-container\">\n\t\t\t\t\t<div class=\"lte-heading lte-style-header-subheader heading-tag-h2 heading-subtag-h6\"><div class=\"lte-heading-content\"><h2 class=\"lte-header\">Arbetar varje dag f\u00f6r att producera uts\u00f6kt och f\u00e4rsk mj\u00f6lk<\/h2><\/div><\/div>\t\t\t\t<\/div>\n\t\t\t\t<\/div>\n\t\t\t\t<div class=\"elementor-element elementor-element-944cd65 elementor-widget elementor-widget-lte-video\" data-id=\"944cd65\" data-element_type=\"widget\" data-e-type=\"widget\" data-widget_type=\"lte-video.default\">\n\t\t\t\t<div class=\"elementor-widget-container\">\n\t\t\t\t\t<a href=\"https:\/\/www.youtube.com\/watch?v=jnLSYfObARA\" class=\"lte-video-popup swipebox hasHeader lte-style-icon-top\" ><span><span><\/span><\/span><h6 class=\"lte-header\">video tour<\/h6><\/a>\t\t\t\t<\/div>\n\t\t\t\t<\/div>\n\t\t\t\t\t<\/div>\n\t\t\t\t<\/div>\n\t\t<div class=\"elementor-element elementor-element-60d7e49 e-con-full lte-background-gray e-flex e-con e-parent\" data-id=\"60d7e49\" data-element_type=\"container\" data-e-type=\"container\" data-settings=\"{&quot;background_background&quot;:&quot;classic&quot;}\">\n\t\t<div class=\"elementor-element elementor-element-d375b4c lte-offset-right e-con-full e-flex e-con e-child\" data-id=\"d375b4c\" data-element_type=\"container\" data-e-type=\"container\">\n\t\t\t\t<div class=\"elementor-element elementor-element-a68c186 elementor-widget__width-initial lte-heading-align-tablet_extra-center lte-watermark-offset-1 elementor-widget elementor-widget-lte-header\" data-id=\"a68c186\" data-element_type=\"widget\" data-e-type=\"widget\" data-widget_type=\"lte-header.default\">\n\t\t\t\t<div class=\"elementor-widget-container\">\n\t\t\t\t\t<div class=\"lte-heading lte-style-header-subheader heading-tag-h4 heading-subtag-h6\"><div class=\"lte-heading-content\"><\/div><\/div>\t\t\t\t<\/div>\n\t\t\t\t<\/div>\n\t\t\t\t<div class=\"elementor-element elementor-element-38f43ee lte-gap-no elementor-widget elementor-widget-lte-gallery\" data-id=\"38f43ee\" data-element_type=\"widget\" data-e-type=\"widget\" data-widget_type=\"lte-gallery.default\">\n\t\t\t\t<div class=\"elementor-widget-container\">\n\t\t\t\t\t<div class=\"lte-swiper-slider-wrapper\"><div class=\"lte-swiper-slider swiper swiper-container lte-gallery-sc lte-gallery-slider swipebox-gallery\" data-space-between=\"30\" data-arrows=\"top\" data-arrows-mobile=\"md\" data-autoplay=\"1000\" data-autoplay-interaction=\"\" data-loop=\"1\" data-speed=\"1500\" data-effect=\"slide\" data-slides-per-group=\"-1\" data-touch-move=\"1\" data-pagination=\"false\" data-breakpoints=\"5;4;4;3;3;1\"><div class=\"swiper-wrapper\"><a href=\"https:\/\/nonnadoro.com\/wp-content\/uploads\/2024\/08\/WhatsApp-Image-2026-03-23-at-6.31.41-PM.jpeg\" class=\"i-1 swipebox lte-gallery swiper-slide\"><img loading=\"lazy\" decoding=\"async\" width=\"500\" height=\"667\" src=\"https:\/\/nonnadoro.com\/wp-content\/uploads\/2024\/08\/WhatsApp-Image-2026-03-23-at-6.31.41-PM-500x667.jpeg\" class=\"attachment-milatte-services size-milatte-services\" alt=\"\" srcset=\"https:\/\/nonnadoro.com\/wp-content\/uploads\/2024\/08\/WhatsApp-Image-2026-03-23-at-6.31.41-PM-500x667.jpeg 500w, https:\/\/nonnadoro.com\/wp-content\/uploads\/2024\/08\/WhatsApp-Image-2026-03-23-at-6.31.41-PM-225x300.jpeg 225w, https:\/\/nonnadoro.com\/wp-content\/uploads\/2024\/08\/WhatsApp-Image-2026-03-23-at-6.31.41-PM-768x1024.jpeg 768w, https:\/\/nonnadoro.com\/wp-content\/uploads\/2024\/08\/WhatsApp-Image-2026-03-23-at-6.31.41-PM-1152x1536.jpeg 1152w, https:\/\/nonnadoro.com\/wp-content\/uploads\/2024\/08\/WhatsApp-Image-2026-03-23-at-6.31.41-PM-9x12.jpeg 9w, https:\/\/nonnadoro.com\/wp-content\/uploads\/2024\/08\/WhatsApp-Image-2026-03-23-at-6.31.41-PM-375x500.jpeg 375w, https:\/\/nonnadoro.com\/wp-content\/uploads\/2024\/08\/WhatsApp-Image-2026-03-23-at-6.31.41-PM-75x100.jpeg 75w, https:\/\/nonnadoro.com\/wp-content\/uploads\/2024\/08\/WhatsApp-Image-2026-03-23-at-6.31.41-PM-450x600.jpeg 450w, https:\/\/nonnadoro.com\/wp-content\/uploads\/2024\/08\/WhatsApp-Image-2026-03-23-at-6.31.41-PM-938x1250.jpeg 938w, https:\/\/nonnadoro.com\/wp-content\/uploads\/2024\/08\/WhatsApp-Image-2026-03-23-at-6.31.41-PM-600x800.jpeg 600w, https:\/\/nonnadoro.com\/wp-content\/uploads\/2024\/08\/WhatsApp-Image-2026-03-23-at-6.31.41-PM-480x640.jpeg 480w, https:\/\/nonnadoro.com\/wp-content\/uploads\/2024\/08\/WhatsApp-Image-2026-03-23-at-6.31.41-PM.jpeg 1200w\" sizes=\"auto, (max-width: 500px) 100vw, 500px\" \/><\/a><a href=\"https:\/\/nonnadoro.com\/wp-content\/uploads\/2024\/08\/WhatsApp-Image-2026-03-23-at-6.31.47-PM-1.jpeg\" class=\"i-2 swipebox lte-gallery swiper-slide\"><img loading=\"lazy\" decoding=\"async\" width=\"500\" height=\"667\" src=\"https:\/\/nonnadoro.com\/wp-content\/uploads\/2024\/08\/WhatsApp-Image-2026-03-23-at-6.31.47-PM-1-500x667.jpeg\" class=\"attachment-milatte-services size-milatte-services\" alt=\"\" srcset=\"https:\/\/nonnadoro.com\/wp-content\/uploads\/2024\/08\/WhatsApp-Image-2026-03-23-at-6.31.47-PM-1-500x667.jpeg 500w, https:\/\/nonnadoro.com\/wp-content\/uploads\/2024\/08\/WhatsApp-Image-2026-03-23-at-6.31.47-PM-1-225x300.jpeg 225w, https:\/\/nonnadoro.com\/wp-content\/uploads\/2024\/08\/WhatsApp-Image-2026-03-23-at-6.31.47-PM-1-768x1024.jpeg 768w, https:\/\/nonnadoro.com\/wp-content\/uploads\/2024\/08\/WhatsApp-Image-2026-03-23-at-6.31.47-PM-1-1152x1536.jpeg 1152w, https:\/\/nonnadoro.com\/wp-content\/uploads\/2024\/08\/WhatsApp-Image-2026-03-23-at-6.31.47-PM-1-9x12.jpeg 9w, https:\/\/nonnadoro.com\/wp-content\/uploads\/2024\/08\/WhatsApp-Image-2026-03-23-at-6.31.47-PM-1-375x500.jpeg 375w, https:\/\/nonnadoro.com\/wp-content\/uploads\/2024\/08\/WhatsApp-Image-2026-03-23-at-6.31.47-PM-1-75x100.jpeg 75w, https:\/\/nonnadoro.com\/wp-content\/uploads\/2024\/08\/WhatsApp-Image-2026-03-23-at-6.31.47-PM-1-450x600.jpeg 450w, https:\/\/nonnadoro.com\/wp-content\/uploads\/2024\/08\/WhatsApp-Image-2026-03-23-at-6.31.47-PM-1-938x1250.jpeg 938w, https:\/\/nonnadoro.com\/wp-content\/uploads\/2024\/08\/WhatsApp-Image-2026-03-23-at-6.31.47-PM-1-600x800.jpeg 600w, https:\/\/nonnadoro.com\/wp-content\/uploads\/2024\/08\/WhatsApp-Image-2026-03-23-at-6.31.47-PM-1-480x640.jpeg 480w, https:\/\/nonnadoro.com\/wp-content\/uploads\/2024\/08\/WhatsApp-Image-2026-03-23-at-6.31.47-PM-1.jpeg 1200w\" sizes=\"auto, (max-width: 500px) 100vw, 500px\" \/><\/a><a href=\"https:\/\/nonnadoro.com\/wp-content\/uploads\/2024\/08\/WhatsApp-Image-2026-03-23-at-6.31.47-PM.jpeg\" class=\"i-3 swipebox lte-gallery swiper-slide\"><img loading=\"lazy\" decoding=\"async\" width=\"500\" height=\"667\" src=\"https:\/\/nonnadoro.com\/wp-content\/uploads\/2024\/08\/WhatsApp-Image-2026-03-23-at-6.31.47-PM-500x667.jpeg\" class=\"attachment-milatte-services size-milatte-services\" alt=\"\" srcset=\"https:\/\/nonnadoro.com\/wp-content\/uploads\/2024\/08\/WhatsApp-Image-2026-03-23-at-6.31.47-PM-500x667.jpeg 500w, https:\/\/nonnadoro.com\/wp-content\/uploads\/2024\/08\/WhatsApp-Image-2026-03-23-at-6.31.47-PM-225x300.jpeg 225w, https:\/\/nonnadoro.com\/wp-content\/uploads\/2024\/08\/WhatsApp-Image-2026-03-23-at-6.31.47-PM-768x1024.jpeg 768w, https:\/\/nonnadoro.com\/wp-content\/uploads\/2024\/08\/WhatsApp-Image-2026-03-23-at-6.31.47-PM-1152x1536.jpeg 1152w, https:\/\/nonnadoro.com\/wp-content\/uploads\/2024\/08\/WhatsApp-Image-2026-03-23-at-6.31.47-PM-9x12.jpeg 9w, https:\/\/nonnadoro.com\/wp-content\/uploads\/2024\/08\/WhatsApp-Image-2026-03-23-at-6.31.47-PM-375x500.jpeg 375w, https:\/\/nonnadoro.com\/wp-content\/uploads\/2024\/08\/WhatsApp-Image-2026-03-23-at-6.31.47-PM-75x100.jpeg 75w, https:\/\/nonnadoro.com\/wp-content\/uploads\/2024\/08\/WhatsApp-Image-2026-03-23-at-6.31.47-PM-450x600.jpeg 450w, https:\/\/nonnadoro.com\/wp-content\/uploads\/2024\/08\/WhatsApp-Image-2026-03-23-at-6.31.47-PM-938x1250.jpeg 938w, https:\/\/nonnadoro.com\/wp-content\/uploads\/2024\/08\/WhatsApp-Image-2026-03-23-at-6.31.47-PM-600x800.jpeg 600w, https:\/\/nonnadoro.com\/wp-content\/uploads\/2024\/08\/WhatsApp-Image-2026-03-23-at-6.31.47-PM-480x640.jpeg 480w, https:\/\/nonnadoro.com\/wp-content\/uploads\/2024\/08\/WhatsApp-Image-2026-03-23-at-6.31.47-PM.jpeg 1200w\" sizes=\"auto, (max-width: 500px) 100vw, 500px\" \/><\/a><a href=\"https:\/\/nonnadoro.com\/wp-content\/uploads\/2024\/08\/WhatsApp-Image-2026-03-23-at-6.31.56-PM.jpeg\" class=\"i-4 swipebox lte-gallery swiper-slide\"><img loading=\"lazy\" decoding=\"async\" width=\"500\" height=\"667\" src=\"https:\/\/nonnadoro.com\/wp-content\/uploads\/2024\/08\/WhatsApp-Image-2026-03-23-at-6.31.56-PM-500x667.jpeg\" class=\"attachment-milatte-services size-milatte-services\" alt=\"\" srcset=\"https:\/\/nonnadoro.com\/wp-content\/uploads\/2024\/08\/WhatsApp-Image-2026-03-23-at-6.31.56-PM-500x667.jpeg 500w, https:\/\/nonnadoro.com\/wp-content\/uploads\/2024\/08\/WhatsApp-Image-2026-03-23-at-6.31.56-PM-225x300.jpeg 225w, https:\/\/nonnadoro.com\/wp-content\/uploads\/2024\/08\/WhatsApp-Image-2026-03-23-at-6.31.56-PM-768x1024.jpeg 768w, https:\/\/nonnadoro.com\/wp-content\/uploads\/2024\/08\/WhatsApp-Image-2026-03-23-at-6.31.56-PM-1152x1536.jpeg 1152w, https:\/\/nonnadoro.com\/wp-content\/uploads\/2024\/08\/WhatsApp-Image-2026-03-23-at-6.31.56-PM-9x12.jpeg 9w, https:\/\/nonnadoro.com\/wp-content\/uploads\/2024\/08\/WhatsApp-Image-2026-03-23-at-6.31.56-PM-375x500.jpeg 375w, https:\/\/nonnadoro.com\/wp-content\/uploads\/2024\/08\/WhatsApp-Image-2026-03-23-at-6.31.56-PM-75x100.jpeg 75w, https:\/\/nonnadoro.com\/wp-content\/uploads\/2024\/08\/WhatsApp-Image-2026-03-23-at-6.31.56-PM-450x600.jpeg 450w, https:\/\/nonnadoro.com\/wp-content\/uploads\/2024\/08\/WhatsApp-Image-2026-03-23-at-6.31.56-PM-938x1250.jpeg 938w, https:\/\/nonnadoro.com\/wp-content\/uploads\/2024\/08\/WhatsApp-Image-2026-03-23-at-6.31.56-PM-600x800.jpeg 600w, https:\/\/nonnadoro.com\/wp-content\/uploads\/2024\/08\/WhatsApp-Image-2026-03-23-at-6.31.56-PM-480x640.jpeg 480w, https:\/\/nonnadoro.com\/wp-content\/uploads\/2024\/08\/WhatsApp-Image-2026-03-23-at-6.31.56-PM.jpeg 1500w\" sizes=\"auto, (max-width: 500px) 100vw, 500px\" \/><\/a><\/div><\/div><\/div>\t\t\t\t<\/div>\n\t\t\t\t<\/div>\n\t\t\t\t<\/div>\n\t\t\t\t<\/div>\n\t\t<div class=\"elementor-element elementor-element-32fc893 e-flex e-con-boxed e-con e-parent\" data-id=\"32fc893\" data-element_type=\"container\" data-e-type=\"container\" data-settings=\"{&quot;background_background&quot;:&quot;classic&quot;}\">\n\t\t\t\t\t<div class=\"e-con-inner\">\n\t\t\t\t<div class=\"elementor-element elementor-element-b8406cd lte-heading-align-center elementor-widget__width-initial lte-watermark-offset-1 elementor-widget elementor-widget-lte-header\" data-id=\"b8406cd\" data-element_type=\"widget\" data-e-type=\"widget\" data-widget_type=\"lte-header.default\">\n\t\t\t\t<div class=\"elementor-widget-container\">\n\t\t\t\t\t<div class=\"lte-heading lte-style-header-subheader has-subheader heading-tag-h2 heading-subtag-h6\"><div class=\"lte-heading-content\"><h6 class=\"lte-subheader\">Bes\u00f6k oss n\u00e4r som helst<\/h6><h2 class=\"lte-header\">Varf\u00f6r \u00e4r v\u00e5ra mejeriprodukter s\u00e5 goda? Uppt\u00e4ck hemligheten!<\/h2><\/div><\/div>\t\t\t\t<\/div>\n\t\t\t\t<\/div>\n\t\t\t\t<div class=\"elementor-element elementor-element-6828682 elementor-widget__width-initial lte-icons-align-mobile-center lte-style-grid-disabled elementor-widget elementor-widget-lte-icons\" data-id=\"6828682\" data-element_type=\"widget\" data-e-type=\"widget\" data-widget_type=\"lte-icons.default\">\n\t\t\t\t<div class=\"elementor-widget-container\">\n\t\t\t\t\t<ul class=\"lte-block-icon has-descr icons-count-4 lte-icon-space-md lte-icon-shape-default lte-icon-background-disabled lte-icon-grid-background-disabled lte-icon-color-main lte-icon-divider-disabled lte-icon-size-small lte-header-color-default lte-icon-type-top lte-icon-align- lte-hover-animation-yes layout-responsive lte-additional-\"><li class=\"col-xl-3 col-lg-3 col-md-6 col-sm-6 col-ms-6 col-xs-12\"><div   class=\"lte-inner\"><i aria-hidden=\"true\" class=\"icon icon-call-3\"><\/i><span class=\"lte-icon-content\"> <span class=\"lte-header lte-h5\"> Tel: <\/span> <span class=\"lte-descr\">0793518488<\/span><\/span><\/div><\/li><li class=\"col-xl-3 col-lg-3 col-md-6 col-sm-6 col-ms-6 col-xs-12\"><div   class=\"lte-inner\"><i aria-hidden=\"true\" class=\"icon icon-field\"><\/i><span class=\"lte-icon-content\"> <span class=\"lte-header lte-h5\"> Adress: <\/span> <span class=\"lte-descr\">Box  1055<br \/>\n181 55   Liding\u00f6 <\/span><\/span><\/div><\/li><li class=\"col-xl-3 col-lg-3 col-md-6 col-sm-6 col-ms-6 col-xs-12\"><div   class=\"lte-inner\"><i aria-hidden=\"true\" class=\"icon icon-open-mail\"><\/i><span class=\"lte-icon-content\"> <span class=\"lte-header lte-h5\"> Email: <\/span> <span class=\"lte-descr\">Info@nonnadoro.com<\/span><\/span><\/div><\/li><li class=\"col-xl-3 col-lg-3 col-md-6 col-sm-6 col-ms-6 col-xs-12\"><div   class=\"lte-inner\"><i aria-hidden=\"true\" class=\"icon icon-wall-clocks\"><\/i><span class=\"lte-icon-content\"> <span class=\"lte-header lte-h5\"> \u00d6ppettider: <\/span> <span class=\"lte-descr\">Mon \u2014 L\u00f6r: 10:00 \u2013 17:00<br \/>\nS\u00f6n: 12:00 \u2013 16:00<\/span><\/span><\/div><\/li><\/ul>\t\t\t\t<\/div>\n\t\t\t\t<\/div>\n\t\t\t\t\t<\/div>\n\t\t\t\t<\/div>\n\t\t\t\t<\/div>","protected":false},"excerpt":{"rendered":"<p>Om Nonna d\u2019Oro \u2013 Ett arv av smak och hantverk V\u00e4lkommen till Nonna d\u2019Oro, d\u00e4r vi f\u00f6renar passionen f\u00f6r genuint mathantverk med v\u00e4rldens fr\u00e4msta lagringstraditioner. Vi specialiserar oss p\u00e5 de [&hellip;]<\/p>\n","protected":false},"author":1,"featured_media":44115,"parent":0,"menu_order":0,"comment_status":"closed","ping_status":"closed","template":"page-templates\/full-width.php","meta":{"footnotes":""},"class_list":["post-29531","page","type-page","status-publish","has-post-thumbnail","hentry"],"_links":{"self":[{"href":"https:\/\/nonnadoro.com\/en\/wp-json\/wp\/v2\/pages\/29531","targetHints":{"allow":["GET"]}}],"collection":[{"href":"https:\/\/nonnadoro.com\/en\/wp-json\/wp\/v2\/pages"}],"about":[{"href":"https:\/\/nonnadoro.com\/en\/wp-json\/wp\/v2\/types\/page"}],"author":[{"embeddable":true,"href":"https:\/\/nonnadoro.com\/en\/wp-json\/wp\/v2\/users\/1"}],"replies":[{"embeddable":true,"href":"https:\/\/nonnadoro.com\/en\/wp-json\/wp\/v2\/comments?post=29531"}],"version-history":[{"count":28,"href":"https:\/\/nonnadoro.com\/en\/wp-json\/wp\/v2\/pages\/29531\/revisions"}],"predecessor-version":[{"id":43925,"href":"https:\/\/nonnadoro.com\/en\/wp-json\/wp\/v2\/pages\/29531\/revisions\/43925"}],"wp:featuredmedia":[{"embeddable":true,"href":"https:\/\/nonnadoro.com\/en\/wp-json\/wp\/v2\/media\/44115"}],"wp:attachment":[{"href":"https:\/\/nonnadoro.com\/en\/wp-json\/wp\/v2\/media?parent=29531"}],"curies":[{"name":"wp","href":"https:\/\/api.w.org\/{rel}","templated":true}]}}