{"id":43676,"date":"2026-03-25T07:36:06","date_gmt":"2026-03-25T06:36:06","guid":{"rendered":"https:\/\/nonnadoro.com\/?page_id=43676"},"modified":"2026-03-25T08:53:30","modified_gmt":"2026-03-25T07:53:30","slug":"integritetpolicy","status":"publish","type":"page","link":"https:\/\/nonnadoro.com\/en\/integritetpolicy\/","title":{"rendered":"Integritetpolicy"},"content":{"rendered":"<p>Denna policy f\u00f6rklarar hur v\u00e5r webbplats nonnadoro.com samlar in och behandlar dina uppgifter, vilka val och m\u00f6jligheter du har samt hur du kan ut\u00f6va dina r\u00e4ttigheter. Denna policy riktar sig till dig som bes\u00f6ker v\u00e5r webbplats.<\/p>\n\n\n\n<p>Vi anser att skyddet av personuppgifter \u00e4r viktigt och str\u00e4var efter att utforma v\u00e5r webbplats med respekt f\u00f6r bes\u00f6karnas integritet. V\u00e5r policy \u00e4r att inte behandla fler personuppgifter \u00e4n vad som \u00e4r n\u00f6dv\u00e4ndigt f\u00f6r \u00e4ndam\u00e5let och att anv\u00e4nda de minst integritetsk\u00e4nsliga uppgifterna.<\/p>\n\n\n\n<ol class=\"wp-block-list\">\n<li>Personuppgifter vi samlar in och hur de anv\u00e4nds<\/li>\n\n\n\n<li>Hur behandlar du mina personuppgifter?<\/li>\n\n\n\n<li>Hur \u00e4r det med cookies och liknande tekniker?<\/li>\n\n\n\n<li>Vem delar du min data med?<\/li>\n\n\n\n<li>Var behandlar vi dina uppgifter?<\/li>\n\n\n\n<li>Vilka \u00e4r mina lagliga r\u00e4ttigheter?<\/li>\n\n\n\n<li>Hur anv\u00e4nder jag mina r\u00e4ttigheter?<\/li>\n\n\n\n<li>\u00c4ndringar av denna policy<\/li>\n\n\n\n<li>Vem \u00e4r personuppgiftsansvarig?<\/li>\n<\/ol>\n\n\n\n<h2 class=\"wp-block-heading\">1. Personuppgifter vi samlar in och hur de anv\u00e4nds<\/h2>\n\n\n\n<p>Personuppgifter \u00e4r uppgifter som r\u00f6r en identifierad eller identifierbar person. Vi behandlar namn, e-postadress och telefonnummer som l\u00e4mnats till oss via kontaktformul\u00e4ret p\u00e5 webbplatsen. Vid best\u00e4llning kommer \u00e4ven personuppgifter att lagras i enlighet med v\u00e5ra k\u00f6pvillkor. Personuppgifter behandlas f\u00f6r att kunna vidta beg\u00e4rda \u00e5tg\u00e4rder som att svara p\u00e5 fr\u00e5gor eller skicka material. Personuppgifter kan \u00e4ven komma att anv\u00e4ndas f\u00f6r direktmarknadsf\u00f6ring till mottagare i deras yrkesroll, kund- och marknadsanalys, inbjudningar till m\u00f6ten och andra professionella kontakter g\u00e4llande v\u00e5ra produkter och tj\u00e4nster.<\/p>\n\n\n\n<p>N\u00e4r du bes\u00f6ker webbplatsen och laddar ner dokument behandlar vi automatiskt information som kan utg\u00f6ra personuppgifter under vissa f\u00f6ruts\u00e4ttningar. Denna information inkluderar tid, datum, den nedladdade filen, filstorlek, m\u00e4ngden \u00f6verf\u00f6rd data, webbl\u00e4sare, spr\u00e5kinst\u00e4llningar, operativsystem, refererande dom\u00e4n och IP-adress. Syftet med att behandla denna typ av information \u00e4r att tillhandah\u00e5lla en intressant, s\u00e4ker och anv\u00e4ndarv\u00e4nlig webbplats.<\/p>\n\n\n\n<ul class=\"wp-block-list\">\n<li><strong>R\u00e4ttslig grund<\/strong><\/li>\n<\/ul>\n\n\n\n<p>Den lagliga grunden f\u00f6r v\u00e5r behandling av personuppgifter \u00e4r ett ber\u00e4ttigat intresse av att marknadsf\u00f6ra v\u00e5ra tj\u00e4nster och produkter, att kommunicera med kunder, leverant\u00f6rer och andra intressenter samt att tillhandah\u00e5lla en intressant, s\u00e4ker och anv\u00e4ndarv\u00e4nlig webbplats. I vissa fall \u00e4r den r\u00e4ttsliga grunden att behandlingen av personuppgifter \u00e4r n\u00f6dv\u00e4ndig f\u00f6r att fullg\u00f6ra ett avtal eller f\u00f6r att vidta \u00e5tg\u00e4rder p\u00e5 beg\u00e4ran av leverant\u00f6ren av personuppgifterna innan ett avtal ing\u00e5s. Vid s\u00e5 kallade cookies \u00e4r den r\u00e4ttsliga grunden samtycke. Detaljer om denna behandling anges i avsnittet om cookies och liknande tekniker nedan.<\/p>\n\n\n\n<ul class=\"wp-block-list\">\n<li><strong>F\u00f6rvaringstid<\/strong><\/li>\n<\/ul>\n\n\n\n<p>Som huvudregel beh\u00e5ller vi inte personuppgifter l\u00e4ngre \u00e4n vad som \u00e4r n\u00f6dv\u00e4ndigt f\u00f6r att uppfylla syftet med behandlingen. Vi kommer \u00e4ven att radera personuppgifter om du beg\u00e4r att de ska raderas eller om vi f\u00e5r k\u00e4nnedom om att de personuppgifter vi behandlar \u00e4r inaktuella.<\/p>\n\n\n\n<ul class=\"wp-block-list\">\n<li><strong>\u00d6verf\u00f6ring till tredje part<\/strong><\/li>\n<\/ul>\n\n\n\n<p>V\u00e5r policy \u00e4r att inte l\u00e4mna ut personuppgifter till oberoende tredje parter s\u00e5vida det inte \u00e4r n\u00f6dv\u00e4ndigt f\u00f6r att uppfylla v\u00e5ra avtalsenliga eller juridiska f\u00f6rpliktelser. De mottagare som kan ha tillg\u00e5ng till dina personuppgifter \u00e4r n\u00e4rst\u00e5ende f\u00f6retag s\u00e5som andra f\u00f6retag inom v\u00e5r koncern och v\u00e5ra leverant\u00f6rer inom omr\u00e5den som informationss\u00e4kerhet, IT, frakt och logistik, ekonomi och marknadsf\u00f6ring. Vi s\u00e4ljer inte dina personuppgifter eller till\u00e5ter p\u00e5 annat s\u00e4tt n\u00e5gon tredje part att anv\u00e4nda personuppgifter som tillhandah\u00e5lls oss f\u00f6r sina egna syften. Ett undantag \u00e4r viss teknisk information som delas med tredje part under specifika f\u00f6rh\u00e5llanden som beskrivs nedan.<\/p>\n\n\n\n<ul class=\"wp-block-list\">\n<li><strong>S\u00e4kerhet<\/strong><\/li>\n<\/ul>\n\n\n\n<p>Vi har rutiner och rutiner f\u00f6r att s\u00e4kerst\u00e4lla att dina personuppgifter hanteras s\u00e4kert. Utg\u00e5ngspunkten \u00e4r att endast personer inom v\u00e5r organisation som beh\u00f6ver personuppgifter f\u00f6r att utf\u00f6ra sina uppgifter ska ha tillg\u00e5ng till dem. V\u00e5ra s\u00e4kerhetssystem \u00e4r utformade f\u00f6r att skydda mot intr\u00e5ng, f\u00f6rst\u00f6relse och andra f\u00f6r\u00e4ndringar som kan inneb\u00e4ra integritetsrisker. De personuppgifter som l\u00e4mnas via formul\u00e4r p\u00e5 v\u00e5r webbplats skyddas med hj\u00e4lp av kryptering vid \u00f6verf\u00f6ring till v\u00e5ra servrar.<\/p>\n\n\n\n<ul class=\"wp-block-list\">\n<li><strong>\u00d6verf\u00f6ringar till l\u00e4nder utanf\u00f6r EU\/ESS<\/strong><\/li>\n<\/ul>\n\n\n\n<p>Normalt behandlar vi endast personuppgifter inom EU\/EES. Dina personuppgifter och teknisk information kan dock i vissa situationer komma att \u00f6verf\u00f6ras till mottagare utanf\u00f6r EU\/EES som har en adekvat skyddsniv\u00e5 f\u00f6r personuppgifter. Undantagsvis kan personuppgifter \u00e4ven, efter att vi vidtagit s\u00e4rskilda s\u00e4kerhets\u00e5tg\u00e4rder, \u00f6verf\u00f6ras till mottagare utanf\u00f6r EU\/EES som saknar adekvat skyddsniv\u00e5 f\u00f6r personuppgifter.<\/p>\n\n\n\n<ul class=\"wp-block-list\">\n<li><strong>R\u00e4ttigheter avseende personuppgifter<\/strong><\/li>\n<\/ul>\n\n\n\n<p>Du har r\u00e4tt att p\u00e5 beg\u00e4ran och utan on\u00f6digt dr\u00f6jsm\u00e5l f\u00e5 tillg\u00e5ng till, korrigera eller radera dina personuppgifter. Du har \u00e4ven r\u00e4tt att f\u00e5 behandlingen av dina personuppgifter begr\u00e4nsad och att f\u00e5 dina personuppgifter \u00f6verf\u00f6rda till n\u00e5gon annan. Slutligen har du r\u00e4tt att beg\u00e4ra att dina personuppgifter inte anv\u00e4nds f\u00f6r direktmarknadsf\u00f6rings\u00e4ndam\u00e5l. Om du har n\u00e5gra fr\u00e5gor eller inte \u00e4r n\u00f6jd med hur vi behandlar dina personuppgifter \u00e4r du alltid v\u00e4lkommen att kontakta oss. Det finns ocks\u00e5 m\u00f6jlighet att kontakta den beh\u00f6riga tillsynsmyndigheten.<\/p>\n\n\n\n<ul class=\"wp-block-list\">\n<li><strong>\u00c4ndringar<\/strong><\/li>\n<\/ul>\n\n\n\n<p>Denna integritetspolicy uppdateras kontinuerligt och vi rekommenderar att du regelbundet kontrollerar eventuella \u00e4ndringar innan du anv\u00e4nder webbplatsen.<\/p>\n\n\n\n<ul class=\"wp-block-list\">\n<li><strong>L\u00e4nkar<\/strong><\/li>\n<\/ul>\n\n\n\n<p>V\u00e5r webbplats inneh\u00e5ller ibland l\u00e4nkar till andra webbplatser. Dessa webbplatser \u00e4r i allm\u00e4nhet inte under v\u00e5r kontroll och omfattas inte av denna integritetspolicy, d\u00e4rf\u00f6r uppmanas du att granska webbplatsens integritetspolicy innan du skickar in dina personuppgifter.<\/p>\n\n\n\n<h3 class=\"wp-block-heading\">2. Hur behandlar du mina personuppgifter?<\/h3>\n\n\n\n<p>F\u00f6ljande avsnitt f\u00f6rklarar vilka typer av uppgifter vi kan behandla om dig och f\u00f6r vilka \u00e4ndam\u00e5l. Vi f\u00f6rklarar ocks\u00e5 hur uppgifterna samlas in och hur l\u00e4nge de sparas.<\/p>\n\n\n\n<ul class=\"wp-block-list\">\n<li><strong>Insamling av webbstatistik<\/strong><\/li>\n<\/ul>\n\n\n\n<p>N\u00e4r du bes\u00f6ker v\u00e5r webbplats samlar vi in loggar som inneh\u00e5ller webbidentifierare och tidsst\u00e4mplar med hj\u00e4lp av en leverant\u00f6r. Vi samlar in denna data s\u00e5 att vi kan se hur m\u00e5nga anv\u00e4ndare som bes\u00f6ker v\u00e5r webbplats. V\u00e5r r\u00e4ttsliga grund f\u00f6r behandlingen \u00e4r v\u00e5rt ber\u00e4ttigade intresse av att veta hur v\u00e5r webbplats anv\u00e4nds. Uppgifterna som samlas in via dessa loggar avidentifieras direkt och lagras d\u00e4rf\u00f6r inte i v\u00e5ra system.<\/p>\n\n\n\n<h3 class=\"wp-block-heading\">3. Hur \u00e4r det med cookies och liknande tekniker?<\/h3>\n\n\n\n<p>N\u00e4r du bes\u00f6ker v\u00e5r webbplats kan du ange om du samtycker till att cookies anv\u00e4nds bland annat f\u00f6r att identifiera dig som en \u00e5terkommande bes\u00f6kare, f\u00f6r att analysera anv\u00e4ndningen av v\u00e5r webbplats, f\u00f6r att sammanst\u00e4lla en profil \u00f6ver dina intressen f\u00f6r att visa dig relevant annonser p\u00e5 andra webbplatser och f\u00f6r att ge dig tillg\u00e5ng till tj\u00e4nster fr\u00e5n tredje part.<\/p>\n\n\n\n<p>Vi anv\u00e4nder cookies f\u00f6r att tillhandah\u00e5lla v\u00e5r webbplats, f\u00f6r att samla in webbstatistik och f\u00f6r att h\u00e5lla reda p\u00e5 dina val n\u00e4r du loggar in.<\/p>\n\n\n\n<p><a href=\"https:\/\/www.myparmesan.se\/cookiepolicy\/\">Cookiepolicy&nbsp;<\/a><\/p>\n\n\n\n<h3 class=\"wp-block-heading\">4. Vem delar du min data med?<\/h3>\n\n\n\n<p>Vi kommer inte att dela, s\u00e4lja, \u00f6verf\u00f6ra eller p\u00e5 annat s\u00e4tt avsl\u00f6ja din information ut\u00f6ver vad som anges i denna policy s\u00e5vida vi inte \u00e4r skyldiga att g\u00f6ra det f\u00f6r att uppfylla en r\u00e4ttslig skyldighet eller om vi inte har f\u00e5tt ditt samtycke till s\u00e5dant avsl\u00f6jande. Detta utesluter inte att vi anv\u00e4nder databehandlare som behandlar uppgifter f\u00f6r v\u00e5r r\u00e4kning i enlighet med skriftliga databehandlaravtal och v\u00e5ra instruktioner. Behandlare som har tillg\u00e5ng till dina uppgifter (t.ex. n\u00e4r vi anv\u00e4nder en tredje part f\u00f6r att lagra data p\u00e5 en server), ges ingen r\u00e4tt att anv\u00e4nda dina uppgifter f\u00f6r andra \u00e4ndam\u00e5l \u00e4n de som anges i denna policy.<\/p>\n\n\n\n<h3 class=\"wp-block-heading\">5. Var behandlar vi dina uppgifter?<\/h3>\n\n\n\n<p>Vi str\u00e4var alltid efter att behandla dina uppgifter inom EU\/EES. Men i vissa situationer kan dina uppgifter \u00f6verf\u00f6ras till och behandlas i ett land utanf\u00f6r EU\/EES. Vi kommer d\u00e5 att vidta alla rimliga juridiska, tekniska och organisatoriska \u00e5tg\u00e4rder f\u00f6r att s\u00e4kerst\u00e4lla att dina uppgifter hanteras s\u00e4kert och med en adekvat skyddsniv\u00e5 j\u00e4mf\u00f6rbar med och p\u00e5 samma niv\u00e5 som det skydd som erbjuds inom EU\/EES.<\/p>\n\n\n\n<h3 class=\"wp-block-heading\">6. Vilka \u00e4r mina r\u00e4ttigheter?<\/h3>\n\n\n\n<ul class=\"wp-block-list\">\n<li><strong>R\u00e4tten till tillg\u00e5ng<\/strong><\/li>\n<\/ul>\n\n\n\n<p>Du har r\u00e4tt att beg\u00e4ra en kopia av de uppgifter vi behandlar om dig. Du kan beg\u00e4ra ett exemplar kostnadsfritt.<\/p>\n\n\n\n<ul class=\"wp-block-list\">\n<li><strong>R\u00e4tt till r\u00e4ttelse<\/strong><\/li>\n<\/ul>\n\n\n\n<p>Du har r\u00e4tt att korrigera felaktiga eller ofullst\u00e4ndiga uppgifter om dig sj\u00e4lv.<\/p>\n\n\n\n<ul class=\"wp-block-list\">\n<li><strong>R\u00e4tt att bli raderad<\/strong><\/li>\n<\/ul>\n\n\n\n<p>Du har r\u00e4tt att beg\u00e4ra radering av dina uppgifter i de fall uppgifterna inte l\u00e4ngre \u00e4r n\u00f6dv\u00e4ndiga f\u00f6r det \u00e4ndam\u00e5l f\u00f6r vilket de samlades in. Det kan dock finnas juridiska skyldigheter som hindrar oss fr\u00e5n att omedelbart radera delar av dina uppgifter.<\/p>\n\n\n\n<ul class=\"wp-block-list\">\n<li><strong>R\u00e4tten till dataportabilitet<\/strong><\/li>\n<\/ul>\n\n\n\n<p>Du har r\u00e4tt att beg\u00e4ra att dina uppgifter \u00f6verf\u00f6rs fr\u00e5n oss till dig sj\u00e4lv eller till en annan leverant\u00f6r. Det kan dock finnas juridiska skyldigheter som hindrar oss fr\u00e5n att \u00f6verf\u00f6ra delar av dina uppgifter.<\/p>\n\n\n\n<ul class=\"wp-block-list\">\n<li><strong>R\u00e4tten att g\u00f6ra inv\u00e4ndningar<\/strong><\/li>\n<\/ul>\n\n\n\n<p>Du har r\u00e4tt att inv\u00e4nda mot den behandling av dina personuppgifter som vi utf\u00f6r utifr\u00e5n en intresseavv\u00e4gning. Du m\u00e5ste d\u00e5 ange vilken behandling du inv\u00e4nder mot. Om dina personuppgifter behandlas f\u00f6r direktmarknadsf\u00f6rings\u00e4ndam\u00e5l har du alltid r\u00e4tt att n\u00e4r som helst inv\u00e4nda mot behandlingen.<\/p>\n\n\n\n<ul class=\"wp-block-list\">\n<li><strong>R\u00e4tt till begr\u00e4nsning<\/strong><\/li>\n<\/ul>\n\n\n\n<p>Du har r\u00e4tt att beg\u00e4ra en tillf\u00e4llig begr\u00e4nsning av behandlingen av dina personuppgifter. Det inneb\u00e4r att vi tillf\u00e4lligt flyttar personuppgifterna till ett annat behandlingssystem eller g\u00f6r uppgifterna o\u00e5tkomliga f\u00f6r en anv\u00e4ndare.<\/p>\n\n\n\n<ul class=\"wp-block-list\">\n<li><strong>R\u00e4tten att \u00e5terkalla samtycke<\/strong><\/li>\n<\/ul>\n\n\n\n<p>Du har r\u00e4tt att n\u00e4r som helst \u00e5terkalla ditt samtycke f\u00f6r tillhandah\u00e5llande av information genom att kontakta oss p\u00e5 uppgifterna nedan.<\/p>\n\n\n\n<ul class=\"wp-block-list\">\n<li><strong>R\u00e4tt att l\u00e4mna in ett klagom\u00e5l<\/strong><\/li>\n<\/ul>\n\n\n\n<p>Du har r\u00e4tt att n\u00e4r som helst l\u00e4mna in ett klagom\u00e5l till oss eller till den beh\u00f6riga tillsynsmyndigheten.<\/p>\n\n\n\n<h3 class=\"wp-block-heading\"><strong>7. Hur anv\u00e4nder du dina r\u00e4ttigheter?<\/strong><\/h3>\n\n\n\n<p>Om du vill ut\u00f6va n\u00e5gon av dina r\u00e4ttigheter, v\u00e4nligen skicka ett meddelande till oss. Om du vill l\u00e4mna in ett klagom\u00e5l till en tillsynsmyndighet, v\u00e4nligen kontakta Datainspektionen p\u00e5 www.datainspektionen.se.<\/p>\n\n\n\n<h3 class=\"wp-block-heading\">8. \u00c4ndringar av denna policy<\/h3>\n\n\n\n<p>Om vi g\u00f6r \u00e4ndringar i denna policy kommer vi att meddela dig genom att l\u00e4gga upp den uppdaterade versionen p\u00e5 nonnadoro.com hemsida. Om \u00e4ndringarna \u00e4r v\u00e4sentliga kommer vi ocks\u00e5 att meddela dig p\u00e5 l\u00e4mpligt s\u00e4tt och vid behov be om ditt samtycke.<\/p>\n\n\n\n<h3 class=\"wp-block-heading\"><strong>9. Vem \u00e4r personuppgiftsansvarig?<\/strong><\/h3>\n\n\n\n<p>Javadi Group AB (organisationsnummer 559548-2430) \u00e4r personuppgiftsansvarig f\u00f6r behandlingen av dina uppgifter i enlighet med denna policy.<\/p>\n\n\n\n<h3 class=\"wp-block-heading\">10. Hur kan du kontakta oss?<\/h3>\n\n\n\n<p>nonnadoro.com har ett dataskyddsombud. Om du har fr\u00e5gor om denna policy, behandlingen av dina uppgifter eller hur du ut\u00f6var dina r\u00e4ttigheter \u00e4r du v\u00e4lkommen att kontakta oss p\u00e5 0737087007 eller via e-post p\u00e5 info@nonnadoro.com<\/p>\n\n\n\n<p><em>Integritetspolicyn uppdaterades senast 2026-03-25<\/em><\/p>","protected":false},"excerpt":{"rendered":"<p>Denna policy f\u00f6rklarar hur v\u00e5r webbplats nonnadoro.com samlar in och behandlar dina uppgifter, vilka val och m\u00f6jligheter du har samt hur du kan ut\u00f6va dina r\u00e4ttigheter. Denna policy riktar sig [&hellip;]<\/p>\n","protected":false},"author":1,"featured_media":0,"parent":0,"menu_order":0,"comment_status":"closed","ping_status":"closed","template":"","meta":{"footnotes":""},"class_list":["post-43676","page","type-page","status-publish","hentry"],"_links":{"self":[{"href":"https:\/\/nonnadoro.com\/en\/wp-json\/wp\/v2\/pages\/43676","targetHints":{"allow":["GET"]}}],"collection":[{"href":"https:\/\/nonnadoro.com\/en\/wp-json\/wp\/v2\/pages"}],"about":[{"href":"https:\/\/nonnadoro.com\/en\/wp-json\/wp\/v2\/types\/page"}],"author":[{"embeddable":true,"href":"https:\/\/nonnadoro.com\/en\/wp-json\/wp\/v2\/users\/1"}],"replies":[{"embeddable":true,"href":"https:\/\/nonnadoro.com\/en\/wp-json\/wp\/v2\/comments?post=43676"}],"version-history":[{"count":3,"href":"https:\/\/nonnadoro.com\/en\/wp-json\/wp\/v2\/pages\/43676\/revisions"}],"predecessor-version":[{"id":43707,"href":"https:\/\/nonnadoro.com\/en\/wp-json\/wp\/v2\/pages\/43676\/revisions\/43707"}],"wp:attachment":[{"href":"https:\/\/nonnadoro.com\/en\/wp-json\/wp\/v2\/media?parent=43676"}],"curies":[{"name":"wp","href":"https:\/\/api.w.org\/{rel}","templated":true}]}}