{"id":36912,"date":"2024-03-17T14:59:23","date_gmt":"2024-03-17T14:59:23","guid":{"rendered":"http:\/\/nonnadoro.com\/?post_type=product&#038;p=36912"},"modified":"2026-03-25T08:49:02","modified_gmt":"2026-03-25T07:49:02","slug":"gruyere","status":"publish","type":"product","link":"https:\/\/nonnadoro.com\/en\/product\/gruyere\/","title":{"rendered":"Le Gruy\u00e8re AOP"},"content":{"rendered":"<p dir=\"auto\"><strong>\u00c4kta Le Gruy\u00e8re AOP \u2013 Schweizisk Ostklassiker, Importerad Direkt fr\u00e5n Alperna<\/strong><\/p>\n<p dir=\"auto\">Upplev den rena smaken av schweizisk tradition med v\u00e5r genuina Le Gruy\u00e8re AOP, hantverksm\u00e4ssigt tillverkad av opast\u00f6riserad komj\u00f6lk i regionerna Fribourg, Vaud och Neuch\u00e2tel \u2013 lagrad minst 10 m\u00e5nader, ofta upp till 12+ f\u00f6r R\u00e9serve-varianten.<\/p>\n<p dir=\"auto\">Den har en fast, kr\u00e4mig textur med subtil n\u00f6tig s\u00f6tma, toner av hasseln\u00f6t, karamelliserad l\u00f6k, f\u00e4rskt h\u00f6 och en fin s\u00e4lta \u2013 perfekt balanserad umami som blir djupare med \u00e5ldern.<\/p>\n<p dir=\"auto\">Njut i fondue, gratinerad \u00f6ver grat\u00e4ng, hyvlad p\u00e5 br\u00f6d med charkuterier, eller tillsammans med frukt och schweiziskt vin. Detta \u00e4r inte bara ost \u2013 det \u00e4r alpmatens essens i varje bit. H\u00f6j dina m\u00e5ltider med riktig Le Gruy\u00e8re AOP idag!<\/p>\n<h1 dir=\"auto\"><span class=\"HwtZe\" lang=\"sv\"><span class=\"jCAhz ChMk0b\"><span class=\"ryNqvb\">Tillverkningen av Gruy\u00e8re AOP <\/span><\/span><\/span><\/h1>\n<p dir=\"auto\"><span class=\"HwtZe\" lang=\"sv\"><span class=\"jCAhz ChMk0b\"><span class=\"ryNqvb\">Det \u00e4r framf\u00f6r allt det 100 % traditionella hantverket och expertisen, som g\u00e5tt i arv fr\u00e5n generation till generation, som ger Gruy\u00e8re AOP dess oefterh\u00e4rmliga smak och oklanderliga kvalitet.<\/span><\/span> <span class=\"jCAhz ChMk0b\"><span class=\"ryNqvb\">Tillverkningsf\u00f6rfarandet f\u00f6r Gruy\u00e8re AOP \u00e4r strikt specificerat.<\/span><\/span> <span class=\"jCAhz ChMk0b\"><span class=\"ryNqvb\">Mj\u00f6lkproducenter, ostmakare och affineurs (mognadsproducenter) f\u00f6ljer varje steg till punkt och pricka.<\/span><\/span> <span class=\"jCAhz ChMk0b\"><span class=\"ryNqvb\">Denna expertis har garanterats sedan 2001 genom specifikationer som godk\u00e4nts av det federala jordbruksverket.<\/span><\/span><\/span><\/p>\n<h3 dir=\"auto\"><span class=\"HwtZe\" lang=\"sv\"><span class=\"jCAhz ChMk0b\"><span class=\"ryNqvb\">1. H\u00f6gkvalitativ mj\u00f6lk<\/span><\/span><\/span><\/h3>\n<p dir=\"auto\"><img loading=\"lazy\" decoding=\"async\" class=\"alignnone size-medium wp-image-43550\" src=\"https:\/\/nonnadoro.com\/wp-content\/uploads\/2024\/03\/legruyere-300x149.webp\" alt=\"\" width=\"300\" height=\"149\" srcset=\"https:\/\/nonnadoro.com\/wp-content\/uploads\/2024\/03\/legruyere-300x149.webp 300w, https:\/\/nonnadoro.com\/wp-content\/uploads\/2024\/03\/legruyere-1024x508.webp 1024w, https:\/\/nonnadoro.com\/wp-content\/uploads\/2024\/03\/legruyere-768x381.webp 768w, https:\/\/nonnadoro.com\/wp-content\/uploads\/2024\/03\/legruyere-18x9.webp 18w, https:\/\/nonnadoro.com\/wp-content\/uploads\/2024\/03\/legruyere-500x248.webp 500w, https:\/\/nonnadoro.com\/wp-content\/uploads\/2024\/03\/legruyere-100x50.webp 100w, https:\/\/nonnadoro.com\/wp-content\/uploads\/2024\/03\/legruyere-450x223.webp 450w, https:\/\/nonnadoro.com\/wp-content\/uploads\/2024\/03\/legruyere-1250x620.webp 1250w, https:\/\/nonnadoro.com\/wp-content\/uploads\/2024\/03\/legruyere-800x397.webp 800w, https:\/\/nonnadoro.com\/wp-content\/uploads\/2024\/03\/legruyere-480x238.webp 480w, https:\/\/nonnadoro.com\/wp-content\/uploads\/2024\/03\/legruyere-600x298.webp 600w, https:\/\/nonnadoro.com\/wp-content\/uploads\/2024\/03\/legruyere.webp 1370w\" sizes=\"auto, (max-width: 300px) 100vw, 300px\" \/><\/p>\n<p dir=\"auto\"><span class=\"HwtZe\" lang=\"sv\"><span class=\"jCAhz ChMk0b\"><span class=\"ryNqvb\">Kor som producerar mj\u00f6lk till Gruy\u00e8re AOP utfodras enbart med naturligt grovfoder \u2013 f\u00e4rskt gr\u00e4s p\u00e5 sommaren och h\u00f6 p\u00e5 vintern, utan tillsatser eller ensilage.<\/span><\/span> <span class=\"jCAhz ChMk0b\"><span class=\"ryNqvb\">Tv\u00e5 g\u00e5nger om dagen, morgon och kv\u00e4ll, levererar varje mj\u00f6lkproducent denna v\u00e4rdefulla ingrediens till sitt tilldelade ysteri.<\/span><\/span><\/span><\/p>\n<h3 dir=\"auto\"><span class=\"HwtZe\" lang=\"sv\"><span class=\"jCAhz ChMk0b\"><span class=\"ryNqvb\">2. Ystning i kar<\/span><\/span><\/span><\/h3>\n<p dir=\"auto\"><img loading=\"lazy\" decoding=\"async\" class=\"alignnone size-medium wp-image-43551\" src=\"https:\/\/nonnadoro.com\/wp-content\/uploads\/2024\/03\/legruyere2-300x200.webp\" alt=\"\" width=\"300\" height=\"200\" srcset=\"https:\/\/nonnadoro.com\/wp-content\/uploads\/2024\/03\/legruyere2-300x200.webp 300w, https:\/\/nonnadoro.com\/wp-content\/uploads\/2024\/03\/legruyere2-18x12.webp 18w, https:\/\/nonnadoro.com\/wp-content\/uploads\/2024\/03\/legruyere2-500x333.webp 500w, https:\/\/nonnadoro.com\/wp-content\/uploads\/2024\/03\/legruyere2-100x67.webp 100w, https:\/\/nonnadoro.com\/wp-content\/uploads\/2024\/03\/legruyere2-450x300.webp 450w, https:\/\/nonnadoro.com\/wp-content\/uploads\/2024\/03\/legruyere2-480x320.webp 480w, https:\/\/nonnadoro.com\/wp-content\/uploads\/2024\/03\/legruyere2.webp 545w\" sizes=\"auto, (max-width: 300px) 100vw, 300px\" \/><\/p>\n<p dir=\"auto\"><span class=\"HwtZe\" lang=\"sv\"><span class=\"jCAhz ChMk0b\"><span class=\"ryNqvb\">Morgonmj\u00f6lken blandas i kopparkaret med kv\u00e4llsmj\u00f6lken, som f\u00e5tt st\u00e5 och st\u00e5 hela natten.<\/span><\/span> <span class=\"jCAhz ChMk0b\"><span class=\"ryNqvb\">Ostmakaren tills\u00e4tter startkulturer, gjorda av vassle, f\u00f6r att mogna mj\u00f6lken.<\/span><\/span> <span class=\"jCAhz ChMk0b\"><span class=\"ryNqvb\">Sedan tills\u00e4tter han l\u00f6pe, en naturlig ingrediens utvunnen ur kalvmage, f\u00f6r att ysta mj\u00f6lken.<\/span><\/span> <span class=\"jCAhz ChMk0b\"><span class=\"ryNqvb\">Efter 35 till 40 minuter har karet f\u00f6rvandlats till en fin t\u00e4t massa.<\/span><\/span> <span class=\"jCAhz ChMk0b\"><span class=\"ryNqvb\">Eftersom mj\u00f6lken inte v\u00e4rmdes upp f\u00f6re ystning beh\u00e5ller den alla sina aromer.<\/span><\/span> <span class=\"jCAhz ChMk0b\"><span class=\"ryNqvb\">Det \u00e4r en av egenskaperna hos r\u00e5mj\u00f6lk.<\/span><\/span><\/span><\/p>\n<h3 dir=\"auto\"><span class=\"HwtZe\" lang=\"sv\"><span class=\"jCAhz ChMk0b\"><span class=\"ryNqvb\">3. Sk\u00e4rning och blandning av ostmassan<\/span><\/span><\/span><\/h3>\n<p dir=\"auto\"><img loading=\"lazy\" decoding=\"async\" class=\"alignnone size-medium wp-image-43552\" src=\"https:\/\/nonnadoro.com\/wp-content\/uploads\/2024\/03\/legruyere3-300x200.webp\" alt=\"\" width=\"300\" height=\"200\" srcset=\"https:\/\/nonnadoro.com\/wp-content\/uploads\/2024\/03\/legruyere3-300x200.webp 300w, https:\/\/nonnadoro.com\/wp-content\/uploads\/2024\/03\/legruyere3-18x12.webp 18w, https:\/\/nonnadoro.com\/wp-content\/uploads\/2024\/03\/legruyere3-500x333.webp 500w, https:\/\/nonnadoro.com\/wp-content\/uploads\/2024\/03\/legruyere3-100x67.webp 100w, https:\/\/nonnadoro.com\/wp-content\/uploads\/2024\/03\/legruyere3-450x300.webp 450w, https:\/\/nonnadoro.com\/wp-content\/uploads\/2024\/03\/legruyere3-480x320.webp 480w, https:\/\/nonnadoro.com\/wp-content\/uploads\/2024\/03\/legruyere3.webp 545w\" sizes=\"auto, (max-width: 300px) 100vw, 300px\" \/><\/p>\n<p dir=\"auto\"><span class=\"HwtZe\" lang=\"sv\"><span class=\"jCAhz ChMk0b\"><span class=\"ryNqvb\">Denna ostmassa sk\u00e4rs sedan till granulat med stora knivar som kallas &#8220;ostharpor&#8221; (tranche-caill\u00e9).<\/span><\/span> <span class=\"jCAhz ChMk0b\"><span class=\"ryNqvb\">D\u00e4refter v\u00e4rms inneh\u00e5llet i karen gradvis upp till 57\u00b0 (135\u00b0F) i 40-45 minuter.<\/span><\/span><\/span><\/p>\n<h3 dir=\"auto\"><span class=\"HwtZe\" lang=\"sv\"><span class=\"jCAhz ChMk0b\"><span class=\"ryNqvb\">4. Texturkontroll<\/span><\/span><\/span><\/h3>\n<p><img loading=\"lazy\" decoding=\"async\" class=\"alignnone size-medium wp-image-43553\" src=\"https:\/\/nonnadoro.com\/wp-content\/uploads\/2024\/03\/legruyere4-300x200.jpg\" alt=\"\" width=\"300\" height=\"200\" srcset=\"https:\/\/nonnadoro.com\/wp-content\/uploads\/2024\/03\/legruyere4-300x200.jpg 300w, https:\/\/nonnadoro.com\/wp-content\/uploads\/2024\/03\/legruyere4-18x12.jpg 18w, https:\/\/nonnadoro.com\/wp-content\/uploads\/2024\/03\/legruyere4-500x333.jpg 500w, https:\/\/nonnadoro.com\/wp-content\/uploads\/2024\/03\/legruyere4-100x67.jpg 100w, https:\/\/nonnadoro.com\/wp-content\/uploads\/2024\/03\/legruyere4-450x300.jpg 450w, https:\/\/nonnadoro.com\/wp-content\/uploads\/2024\/03\/legruyere4-480x320.jpg 480w, https:\/\/nonnadoro.com\/wp-content\/uploads\/2024\/03\/legruyere4.jpg 545w\" sizes=\"auto, (max-width: 300px) 100vw, 300px\" \/><\/p>\n<p><span class=\"HwtZe\" lang=\"sv\"><span class=\"jCAhz ChMk0b\"><span class=\"ryNqvb\">N\u00e4r uppv\u00e4rmningstemperaturen har uppn\u00e5tts och granulerna \u00e4r lika stora som vetekorn, tar ostmakaren en handfull korn och kn\u00e5dar dem f\u00f6rsiktigt till en massa f\u00f6r att kontrollera texturen.<\/span><\/span><\/span><\/p>\n<h3 dir=\"auto\"><span class=\"HwtZe\" lang=\"sv\"><span class=\"jCAhz ChMk0b\"><span class=\"ryNqvb\">5. Placering i formen och m\u00e4rkning<\/span><\/span><\/span><\/h3>\n<p dir=\"auto\"><img loading=\"lazy\" decoding=\"async\" class=\"alignnone size-medium wp-image-43554\" src=\"https:\/\/nonnadoro.com\/wp-content\/uploads\/2024\/03\/legruyere5-300x200.webp\" alt=\"\" width=\"300\" height=\"200\" srcset=\"https:\/\/nonnadoro.com\/wp-content\/uploads\/2024\/03\/legruyere5-300x200.webp 300w, https:\/\/nonnadoro.com\/wp-content\/uploads\/2024\/03\/legruyere5-18x12.webp 18w, https:\/\/nonnadoro.com\/wp-content\/uploads\/2024\/03\/legruyere5-500x333.webp 500w, https:\/\/nonnadoro.com\/wp-content\/uploads\/2024\/03\/legruyere5-100x67.webp 100w, https:\/\/nonnadoro.com\/wp-content\/uploads\/2024\/03\/legruyere5-450x300.webp 450w, https:\/\/nonnadoro.com\/wp-content\/uploads\/2024\/03\/legruyere5-480x320.webp 480w, https:\/\/nonnadoro.com\/wp-content\/uploads\/2024\/03\/legruyere5.webp 545w\" sizes=\"auto, (max-width: 300px) 100vw, 300px\" \/><\/p>\n<p dir=\"auto\"><span class=\"HwtZe\" lang=\"sv\"><span class=\"jCAhz ChMk0b\"><span class=\"ryNqvb\">Inneh\u00e5llet i karet (kornig ostmassa och vassle) pumpas sedan ut i runda formar.<\/span><\/span> <span class=\"jCAhz ChMk0b\"><span class=\"ryNqvb\">Varje form \u00e4r m\u00e4rkt p\u00e5 sin ytterkant (som kallas &#8220;h\u00e4len&#8221;) med inskriptionen Le Gruy\u00e8re AOP, tillsammans med ostmejeriets nummer.<\/span><\/span> <span class=\"jCAhz ChMk0b\"><span class=\"ryNqvb\">Vasslet rinner ut och samlas upp i en stor bass\u00e4ng under.<\/span><\/span> <span class=\"jCAhz ChMk0b\"><span class=\"ryNqvb\">En kaseinm\u00e4rkning l\u00e4ggs till p\u00e5 den vitaktiga ostmassan, vilket anger numret p\u00e5 osthjulet och ostmejeriet.<\/span><\/span> <span class=\"jCAhz ChMk0b\"><span class=\"ryNqvb\">Dessutom l\u00e4ggs tillverkningsdatum till p\u00e5 varje osthjul.<\/span><\/span> <span class=\"jCAhz ChMk0b\"><span class=\"ryNqvb\">Kasein \u00e4r ett naturligt protein som finns i mj\u00f6lk: fortfarande inga tillsatser.<\/span><\/span> <span class=\"jCAhz ChMk0b\"><span class=\"ryNqvb\">Varje hjul pressas sedan i cirka tjugo timmar, med en applicerad kraft p\u00e5 upp till 900 kg.<\/span><\/span><\/span><\/p>\n<h3 dir=\"auto\"><span class=\"HwtZe\" lang=\"sv\"><span class=\"jCAhz ChMk0b\"><span class=\"ryNqvb\">6. Saltbad och lagring i k\u00e4llaren<\/span><\/span><\/span><\/h3>\n<p><img loading=\"lazy\" decoding=\"async\" class=\"alignnone size-medium wp-image-43555\" src=\"https:\/\/nonnadoro.com\/wp-content\/uploads\/2024\/03\/legruyere6-300x200.webp\" alt=\"\" width=\"300\" height=\"200\" srcset=\"https:\/\/nonnadoro.com\/wp-content\/uploads\/2024\/03\/legruyere6-300x200.webp 300w, https:\/\/nonnadoro.com\/wp-content\/uploads\/2024\/03\/legruyere6-18x12.webp 18w, https:\/\/nonnadoro.com\/wp-content\/uploads\/2024\/03\/legruyere6-500x333.webp 500w, https:\/\/nonnadoro.com\/wp-content\/uploads\/2024\/03\/legruyere6-100x67.webp 100w, https:\/\/nonnadoro.com\/wp-content\/uploads\/2024\/03\/legruyere6-450x300.webp 450w, https:\/\/nonnadoro.com\/wp-content\/uploads\/2024\/03\/legruyere6-480x320.webp 480w, https:\/\/nonnadoro.com\/wp-content\/uploads\/2024\/03\/legruyere6.webp 545w\" sizes=\"auto, (max-width: 300px) 100vw, 300px\" \/><\/p>\n<p><span class=\"HwtZe\" lang=\"sv\"><span class=\"jCAhz ChMk0b\"><span class=\"ryNqvb\">F\u00f6ljande dag tar ostmakaren ut varje hjul ur formen och placerar dem i ett 22 % koncentrerat saltbad, \u00e4ven kallat saltlake, i 24 timmar.<\/span><\/span> <span class=\"jCAhz ChMk0b\"><span class=\"ryNqvb\">Sedan b\u00f6rjar mogningen.<\/span><\/span> <span class=\"jCAhz\"><span class=\"ryNqvb\">Hjulen lagras i tre m\u00e5nader i ostmakarens k\u00e4llare.<\/span><\/span> <span class=\"jCAhz ChMk0b\"><span class=\"ryNqvb\">Han sk\u00f6ter dem n\u00e4stan dagligen f\u00f6r att underl\u00e4tta bildandet av ett fint skyddande skal (kallat &#8220;smear&#8221; \u2013 morge).<\/span><\/span><\/span><\/p>\n<h3 dir=\"auto\"><span class=\"HwtZe\" lang=\"sv\"><span class=\"jCAhz ChMk0b\"><span class=\"ryNqvb\">7. Affinage (Mogning) i k\u00e4llare<\/span><\/span><\/span><\/h3>\n<p><img loading=\"lazy\" decoding=\"async\" class=\"alignnone size-medium wp-image-43556\" src=\"https:\/\/nonnadoro.com\/wp-content\/uploads\/2024\/03\/legruyere7-300x200.png\" alt=\"\" width=\"300\" height=\"200\" srcset=\"https:\/\/nonnadoro.com\/wp-content\/uploads\/2024\/03\/legruyere7-300x200.png 300w, https:\/\/nonnadoro.com\/wp-content\/uploads\/2024\/03\/legruyere7-18x12.png 18w, https:\/\/nonnadoro.com\/wp-content\/uploads\/2024\/03\/legruyere7-500x333.png 500w, https:\/\/nonnadoro.com\/wp-content\/uploads\/2024\/03\/legruyere7-100x67.png 100w, https:\/\/nonnadoro.com\/wp-content\/uploads\/2024\/03\/legruyere7-450x300.png 450w, https:\/\/nonnadoro.com\/wp-content\/uploads\/2024\/03\/legruyere7-480x320.png 480w, https:\/\/nonnadoro.com\/wp-content\/uploads\/2024\/03\/legruyere7.png 545w\" sizes=\"auto, (max-width: 300px) 100vw, 300px\" \/><\/p>\n<p><span class=\"HwtZe\" lang=\"sv\"><span class=\"jCAhz ChMk0b\"><span class=\"ryNqvb\">Efter tre m\u00e5nader l\u00e4mnar hjulen ysteriet f\u00f6r att lagras i caves d\u2019affinage (lagringsk\u00e4llare) f\u00f6r en l\u00e5ngsam mogningsprocess i en milj\u00f6 med 90 % luftfuktighet och en temperatur p\u00e5 15\u00b0 (59\u00b0F).<\/span><\/span> <span class=\"jCAhz ChMk0b\"><span class=\"ryNqvb\">Under denna tid v\u00e4nds hjulen och penslas med saltvatten.<\/span><\/span> <span class=\"jCAhz ChMk0b\"><span class=\"ryNqvb\">K\u00e4llarna avger en typisk lukt av ammoniak, ett resultat av hjulens mognad.<\/span><\/span> <span class=\"jCAhz ChMk0b\"><span class=\"ryNqvb\">Affinaget varar totalt mellan 5 och 18 m\u00e5nader.<\/span><\/span><\/span><\/p>\n<h3><span class=\"HwtZe\" lang=\"sv\"><span class=\"jCAhz ChMk0b\"><span class=\"ryNqvb\">8. Beskattning<\/span><\/span><\/span><\/h3>\n<p><img loading=\"lazy\" decoding=\"async\" class=\"alignnone size-medium wp-image-43557\" src=\"https:\/\/nonnadoro.com\/wp-content\/uploads\/2024\/03\/legruyere8-300x200.webp\" alt=\"\" width=\"300\" height=\"200\" srcset=\"https:\/\/nonnadoro.com\/wp-content\/uploads\/2024\/03\/legruyere8-300x200.webp 300w, https:\/\/nonnadoro.com\/wp-content\/uploads\/2024\/03\/legruyere8-18x12.webp 18w, https:\/\/nonnadoro.com\/wp-content\/uploads\/2024\/03\/legruyere8-500x333.webp 500w, https:\/\/nonnadoro.com\/wp-content\/uploads\/2024\/03\/legruyere8-100x67.webp 100w, https:\/\/nonnadoro.com\/wp-content\/uploads\/2024\/03\/legruyere8-450x300.webp 450w, https:\/\/nonnadoro.com\/wp-content\/uploads\/2024\/03\/legruyere8-480x320.webp 480w, https:\/\/nonnadoro.com\/wp-content\/uploads\/2024\/03\/legruyere8.webp 545w\" sizes=\"auto, (max-width: 300px) 100vw, 300px\" \/><\/p>\n<p><span class=\"HwtZe\" lang=\"sv\"><span class=\"jCAhz ChMk0b\"><span class=\"ryNqvb\">Vid fyra m\u00e5nader kontrolleras och beskattas hjulen av experter fr\u00e5n f\u00f6reningen Interprofession du Gruy\u00e8re, enligt mycket exakta och rigor\u00f6sa kriterier.<\/span><\/span> <span class=\"jCAhz ChMk0b\"><span class=\"ryNqvb\">De f\u00e5r bara visa namnet Le Gruy\u00e8re AOP efter denna beskattning.<\/span><\/span> <span class=\"jCAhz ChMk0b\"><span class=\"ryNqvb\">Som alltid \u00e4r kvalitet nyckelordet.<\/span><\/span> <span class=\"jCAhz ChMk0b\"><span class=\"ryNqvb\">S\u00e5 snart de n\u00e5r 5 m\u00e5nader sl\u00e4pps hjulen ut p\u00e5 marknaden av affineur (moderator).<\/span><\/span><\/span><\/p>\n<h3><span class=\"HwtZe\" lang=\"sv\"><span class=\"jCAhz ChMk0b\"><span class=\"ryNqvb\">9. Mognadstid<\/span><\/span><\/span><\/h3>\n<p><img loading=\"lazy\" decoding=\"async\" class=\"alignnone size-medium wp-image-43558\" src=\"https:\/\/nonnadoro.com\/wp-content\/uploads\/2024\/03\/legruyere9-300x200.webp\" alt=\"\" width=\"300\" height=\"200\" srcset=\"https:\/\/nonnadoro.com\/wp-content\/uploads\/2024\/03\/legruyere9-300x200.webp 300w, https:\/\/nonnadoro.com\/wp-content\/uploads\/2024\/03\/legruyere9-18x12.webp 18w, https:\/\/nonnadoro.com\/wp-content\/uploads\/2024\/03\/legruyere9-500x333.webp 500w, https:\/\/nonnadoro.com\/wp-content\/uploads\/2024\/03\/legruyere9-100x67.webp 100w, https:\/\/nonnadoro.com\/wp-content\/uploads\/2024\/03\/legruyere9-450x300.webp 450w, https:\/\/nonnadoro.com\/wp-content\/uploads\/2024\/03\/legruyere9-480x320.webp 480w, https:\/\/nonnadoro.com\/wp-content\/uploads\/2024\/03\/legruyere9.webp 545w\" sizes=\"auto, (max-width: 300px) 100vw, 300px\" \/><\/p>\n<p><span class=\"HwtZe\" lang=\"sv\"><span class=\"jCAhz ChMk0b\"><span class=\"ryNqvb\">Gruy\u00e8re AOP \u00e4r ocks\u00e5 en smakfr\u00e5ga.<\/span><\/span> <span class=\"jCAhz ChMk0b\"><span class=\"ryNqvb\">Mellan 6 och 9 m\u00e5nader kommer dess mjuka och raffinerade smak att gl\u00e4dja gommar som s\u00f6ker s\u00f6ta njutningar.<\/span><\/span> <span class=\"jCAhz\"><span class=\"ryNqvb\">Den kallas &#8220;Klassisk&#8221;.<\/span><\/span><span class=\"jCAhz ChMk0b\"><span class=\"ryNqvb\"> Fr\u00e5n 10 m\u00e5nader har Gruy\u00e8re AOP R\u00e9serve en fyllig och aromatisk smak som kommer att gl\u00e4dja \u00e4lskare av aromatisk subtilitet.<\/span><\/span><span class=\"jCAhz ChMk0b\"><span class=\"ryNqvb\"> Vissa hjul lagras upp till 18, eller till och med 24 m\u00e5nader f\u00f6r \u00e4lskare av starka sensationer.<\/span><\/span><span class=\"jCAhz ChMk0b\"><span class=\"ryNqvb\"> Oavsett hur gammal Gruy\u00e8re AOP du njuter av \u00e4r, f\u00f6rblir dess egenskaper desamma!<\/span><\/span><\/span><\/p>","protected":false},"excerpt":{"rendered":"<div class=\"woocommerce-product-details__short-description\">\n<p dir=\"auto\">V\u00e5r genuina Le Gruy\u00e8re AOP, lagrad minst 10 m\u00e5nader, har en fast, kr\u00e4mig textur med n\u00f6tig s\u00f6tma, hasseln\u00f6tstoner och perfekt umami \u2013 certifierad AOP fr\u00e5n alpregionen. Tillverkad av opast\u00f6riserad komj\u00f6lk, idealisk f\u00f6r fondue, grat\u00e4ng, ostbricka eller hyvlad med frukt och vin. Upplev \u00e4kta schweizisk osttradition i varje tugga!<\/p>\n<\/div>","protected":false},"featured_media":43549,"comment_status":"open","ping_status":"closed","template":"","meta":[],"product_brand":[],"product_cat":[629],"product_tag":[],"class_list":{"0":"post-36912","1":"product","2":"type-product","3":"status-publish","4":"has-post-thumbnail","6":"product_cat-lagradost","9":"first","10":"instock","11":"taxable","12":"shipping-taxable","13":"purchasable","14":"product-type-variable"},"_links":{"self":[{"href":"https:\/\/nonnadoro.com\/en\/wp-json\/wp\/v2\/product\/36912","targetHints":{"allow":["GET"]}}],"collection":[{"href":"https:\/\/nonnadoro.com\/en\/wp-json\/wp\/v2\/product"}],"about":[{"href":"https:\/\/nonnadoro.com\/en\/wp-json\/wp\/v2\/types\/product"}],"replies":[{"embeddable":true,"href":"https:\/\/nonnadoro.com\/en\/wp-json\/wp\/v2\/comments?post=36912"}],"wp:featuredmedia":[{"embeddable":true,"href":"https:\/\/nonnadoro.com\/en\/wp-json\/wp\/v2\/media\/43549"}],"wp:attachment":[{"href":"https:\/\/nonnadoro.com\/en\/wp-json\/wp\/v2\/media?parent=36912"}],"wp:term":[{"taxonomy":"product_brand","embeddable":true,"href":"https:\/\/nonnadoro.com\/en\/wp-json\/wp\/v2\/product_brand?post=36912"},{"taxonomy":"product_cat","embeddable":true,"href":"https:\/\/nonnadoro.com\/en\/wp-json\/wp\/v2\/product_cat?post=36912"},{"taxonomy":"product_tag","embeddable":true,"href":"https:\/\/nonnadoro.com\/en\/wp-json\/wp\/v2\/product_tag?post=36912"}],"curies":[{"name":"wp","href":"https:\/\/api.w.org\/{rel}","templated":true}]}}