{"id":42808,"date":"2024-11-23T17:24:36","date_gmt":"2024-11-23T17:24:36","guid":{"rendered":"https:\/\/nonnadoro.com\/?post_type=product&#038;p=42808"},"modified":"2026-04-09T05:48:52","modified_gmt":"2026-04-09T04:48:52","slug":"parmigiano","status":"publish","type":"product","link":"https:\/\/nonnadoro.com\/en\/product\/parmigiano\/","title":{"rendered":"Parmigiano Reggiano"},"content":{"rendered":"<p dir=\"auto\"><strong>\u00c4kta Parmigiano Reggiano \u2013 Ostens Kung, Importerad Direkt fr\u00e5n Italien<\/strong><\/p>\n<p dir=\"auto\">Upplev den oslagbara smaken av \u00e4kta italiensk excellens med v\u00e5r genuina Parmigiano Reggiano, hantverksm\u00e4ssigt tillverkad i hj\u00e4rtat av Emilia-Romagna och importerad rakt fr\u00e5n Italien.<\/p>\n<p dir=\"auto\">Minst 30 m\u00e5nader lagrad (vissa upp till 36+ m\u00e5nader) ger den sin karakteristiska granul\u00e4ra textur, krispiga kristaller och djupa, komplexa smak \u2013 n\u00f6tig rikedom, umami och subtil fruktighet.<\/p>\n<p dir=\"auto\">Gjort p\u00e5 r\u00e5 komj\u00f6lk, naturlig vassle och salt \u2013 inga tillsatser. Varje hjul har DOP-m\u00e4rket som garanterar ursprung och traditionell tillverkning.<\/p>\n<p dir=\"auto\">Njut som den \u00e4r, riven \u00f6ver pasta, hyvlad i sallad eller tillsammans med balsamvin\u00e4ger, frukt och vin.<\/p>\n<p dir=\"auto\">Detta \u00e4r inte bara ost \u2013 det \u00e4r italiensk m\u00e4sterlighet i varje tugga. H\u00f6j dina r\u00e4tter med riktig Parmigiano Reggiano idag!<\/p>","protected":false},"excerpt":{"rendered":"<div class=\"woocommerce-product-details__short-description\">\n<p dir=\"auto\">V\u00e5r genuina Parmigiano Reggiano, lagrad minst 30 m\u00e5nader, bjuder p\u00e5 intensiv, n\u00f6tig umami-smak med krispiga kristaller och DOP-garanti. Tillverkad traditionellt av r\u00e5 komj\u00f6lk, vassle och salt \u2013 perfekt att njuta som den \u00e4r, riven \u00f6ver pasta eller hyvlad med balsamvin\u00e4ger. H\u00f6j dina r\u00e4tter med denna italienska ostklassiker!<\/p>\n<\/div>","protected":false},"featured_media":43563,"comment_status":"open","ping_status":"closed","template":"","meta":[],"product_brand":[],"product_cat":[678],"product_tag":[],"class_list":{"0":"post-42808","1":"product","2":"type-product","3":"status-publish","4":"has-post-thumbnail","6":"product_cat-hardost","9":"first","10":"instock","11":"taxable","12":"shipping-taxable","13":"purchasable","14":"product-type-variable"},"_links":{"self":[{"href":"https:\/\/nonnadoro.com\/en\/wp-json\/wp\/v2\/product\/42808","targetHints":{"allow":["GET"]}}],"collection":[{"href":"https:\/\/nonnadoro.com\/en\/wp-json\/wp\/v2\/product"}],"about":[{"href":"https:\/\/nonnadoro.com\/en\/wp-json\/wp\/v2\/types\/product"}],"replies":[{"embeddable":true,"href":"https:\/\/nonnadoro.com\/en\/wp-json\/wp\/v2\/comments?post=42808"}],"wp:featuredmedia":[{"embeddable":true,"href":"https:\/\/nonnadoro.com\/en\/wp-json\/wp\/v2\/media\/43563"}],"wp:attachment":[{"href":"https:\/\/nonnadoro.com\/en\/wp-json\/wp\/v2\/media?parent=42808"}],"wp:term":[{"taxonomy":"product_brand","embeddable":true,"href":"https:\/\/nonnadoro.com\/en\/wp-json\/wp\/v2\/product_brand?post=42808"},{"taxonomy":"product_cat","embeddable":true,"href":"https:\/\/nonnadoro.com\/en\/wp-json\/wp\/v2\/product_cat?post=42808"},{"taxonomy":"product_tag","embeddable":true,"href":"https:\/\/nonnadoro.com\/en\/wp-json\/wp\/v2\/product_tag?post=42808"}],"curies":[{"name":"wp","href":"https:\/\/api.w.org\/{rel}","templated":true}]}}